{"id":35580,"date":"2026-02-11T08:05:05","date_gmt":"2026-02-11T05:05:05","guid":{"rendered":"https:\/\/kervanmagazacilik.com\/?post_type=product&#038;p=35580"},"modified":"2026-02-11T08:05:05","modified_gmt":"2026-02-11T05:05:05","slug":"611ac0000621","status":"publish","type":"product","link":"https:\/\/kervanmagazacilik.com\/index.php\/urun\/611ac0000621\/","title":{"rendered":"611AC0000621"},"content":{"rendered":"<p>611AC0000621<\/p>\n<p>CAMELL\u0130A KOMOD\u0130N KAHVE 3 \u00c7EKMECEL\u0130 46x81x74cm 9090040-400<\/p>\n<p>&nbsp;<\/p>\n","protected":false},"excerpt":{"rendered":"<p>611AC0000621 CAMELL\u0130A KOMOD\u0130N KAHVE 3 \u00c7EKMECEL\u0130 46x81x74cm 9090040-400 &nbsp;<\/p>\n","protected":false},"featured_media":35581,"template":"","meta":[],"product_brand":[],"product_cat":[42],"product_tag":[7644],"class_list":{"0":"post-35580","1":"product","2":"type-product","3":"status-publish","4":"has-post-thumbnail","6":"product_cat-611ac","7":"product_tag-611ac0000621","9":"first","10":"instock","11":"taxable","12":"shipping-taxable","13":"product-type-simple"},"_links":{"self":[{"href":"https:\/\/kervanmagazacilik.com\/index.php\/wp-json\/wp\/v2\/product\/35580","targetHints":{"allow":["GET"]}}],"collection":[{"href":"https:\/\/kervanmagazacilik.com\/index.php\/wp-json\/wp\/v2\/product"}],"about":[{"href":"https:\/\/kervanmagazacilik.com\/index.php\/wp-json\/wp\/v2\/types\/product"}],"wp:featuredmedia":[{"embeddable":true,"href":"https:\/\/kervanmagazacilik.com\/index.php\/wp-json\/wp\/v2\/media\/35581"}],"wp:attachment":[{"href":"https:\/\/kervanmagazacilik.com\/index.php\/wp-json\/wp\/v2\/media?parent=35580"}],"wp:term":[{"taxonomy":"product_brand","embeddable":true,"href":"https:\/\/kervanmagazacilik.com\/index.php\/wp-json\/wp\/v2\/product_brand?post=35580"},{"taxonomy":"product_cat","embeddable":true,"href":"https:\/\/kervanmagazacilik.com\/index.php\/wp-json\/wp\/v2\/product_cat?post=35580"},{"taxonomy":"product_tag","embeddable":true,"href":"https:\/\/kervanmagazacilik.com\/index.php\/wp-json\/wp\/v2\/product_tag?post=35580"}],"curies":[{"name":"wp","href":"https:\/\/api.w.org\/{rel}","templated":true}]}}