{"id":35567,"date":"2026-02-10T17:54:41","date_gmt":"2026-02-10T14:54:41","guid":{"rendered":"https:\/\/kervanmagazacilik.com\/?post_type=product&#038;p=35567"},"modified":"2026-02-10T17:54:42","modified_gmt":"2026-02-10T14:54:42","slug":"611ac0000603","status":"publish","type":"product","link":"https:\/\/kervanmagazacilik.com\/index.php\/urun\/611ac0000603\/","title":{"rendered":"611AC0000603"},"content":{"rendered":"<p>611AC0000603<\/p>\n<p>CAMELL\u0130A TEKL\u0130 KOLTUK KAHVE 78x83x89cm 9090834-PRCNI-400<\/p>\n<p>KAD\u0130FE D\u00d6\u015eEME<\/p>\n","protected":false},"excerpt":{"rendered":"<p>611AC0000603 CAMELL\u0130A TEKL\u0130 KOLTUK KAHVE 78x83x89cm 9090834-PRCNI-400 KAD\u0130FE D\u00d6\u015eEME<\/p>\n","protected":false},"featured_media":35568,"template":"","meta":[],"product_brand":[],"product_cat":[42],"product_tag":[7641],"class_list":{"0":"post-35567","1":"product","2":"type-product","3":"status-publish","4":"has-post-thumbnail","6":"product_cat-611ac","7":"product_tag-611ac0000603","9":"first","10":"instock","11":"taxable","12":"shipping-taxable","13":"product-type-simple"},"_links":{"self":[{"href":"https:\/\/kervanmagazacilik.com\/index.php\/wp-json\/wp\/v2\/product\/35567","targetHints":{"allow":["GET"]}}],"collection":[{"href":"https:\/\/kervanmagazacilik.com\/index.php\/wp-json\/wp\/v2\/product"}],"about":[{"href":"https:\/\/kervanmagazacilik.com\/index.php\/wp-json\/wp\/v2\/types\/product"}],"wp:featuredmedia":[{"embeddable":true,"href":"https:\/\/kervanmagazacilik.com\/index.php\/wp-json\/wp\/v2\/media\/35568"}],"wp:attachment":[{"href":"https:\/\/kervanmagazacilik.com\/index.php\/wp-json\/wp\/v2\/media?parent=35567"}],"wp:term":[{"taxonomy":"product_brand","embeddable":true,"href":"https:\/\/kervanmagazacilik.com\/index.php\/wp-json\/wp\/v2\/product_brand?post=35567"},{"taxonomy":"product_cat","embeddable":true,"href":"https:\/\/kervanmagazacilik.com\/index.php\/wp-json\/wp\/v2\/product_cat?post=35567"},{"taxonomy":"product_tag","embeddable":true,"href":"https:\/\/kervanmagazacilik.com\/index.php\/wp-json\/wp\/v2\/product_tag?post=35567"}],"curies":[{"name":"wp","href":"https:\/\/api.w.org\/{rel}","templated":true}]}}