{"id":35311,"date":"2026-02-10T10:25:15","date_gmt":"2026-02-10T07:25:15","guid":{"rendered":"https:\/\/kervanmagazacilik.com\/?post_type=product&#038;p=35311"},"modified":"2026-02-10T10:25:16","modified_gmt":"2026-02-10T07:25:16","slug":"284hsh000372","status":"publish","type":"product","link":"https:\/\/kervanmagazacilik.com\/index.php\/urun\/284hsh000372\/","title":{"rendered":"284HSH000372"},"content":{"rendered":"<p>284HSH000372<\/p>\n<p>L\u0130N\u0130T PASPAS 70X120 ECRU<\/p>\n<p>Havlu; %60 pamuk %40 bambu<br \/>\nPaspas: %100 pamuk<br \/>\nAksesuar: %100 polyester<br \/>\n30 derece narin y\u0131kama<br \/>\n\u00c7ama\u015f\u0131r suyu konamaz<br \/>\nKurutma makinesinde kurutulamaz<br \/>\n\u00dct\u00fcleme yap\u0131lmaz<\/p>\n<p>ALT GRUP: BANYO TEKST\u0130L\u0130<\/p>\n","protected":false},"excerpt":{"rendered":"<p>284HSH000372 L\u0130N\u0130T PASPAS 70X120 ECRU Havlu; %60 pamuk %40 bambu Paspas: %100 pamuk Aksesuar: %100 polyester 30 derece narin y\u0131kama \u00c7ama\u015f\u0131r suyu konamaz Kurutma makinesinde kurutulamaz \u00dct\u00fcleme yap\u0131lmaz ALT GRUP: BANYO TEKST\u0130L\u0130<\/p>\n","protected":false},"featured_media":35312,"template":"","meta":[],"product_brand":[],"product_cat":[3008],"product_tag":[7592],"class_list":{"0":"post-35311","1":"product","2":"type-product","3":"status-publish","4":"has-post-thumbnail","6":"product_cat-284hsh","7":"product_tag-284hsh000372","9":"first","10":"instock","11":"taxable","12":"shipping-taxable","13":"product-type-simple"},"_links":{"self":[{"href":"https:\/\/kervanmagazacilik.com\/index.php\/wp-json\/wp\/v2\/product\/35311","targetHints":{"allow":["GET"]}}],"collection":[{"href":"https:\/\/kervanmagazacilik.com\/index.php\/wp-json\/wp\/v2\/product"}],"about":[{"href":"https:\/\/kervanmagazacilik.com\/index.php\/wp-json\/wp\/v2\/types\/product"}],"wp:featuredmedia":[{"embeddable":true,"href":"https:\/\/kervanmagazacilik.com\/index.php\/wp-json\/wp\/v2\/media\/35312"}],"wp:attachment":[{"href":"https:\/\/kervanmagazacilik.com\/index.php\/wp-json\/wp\/v2\/media?parent=35311"}],"wp:term":[{"taxonomy":"product_brand","embeddable":true,"href":"https:\/\/kervanmagazacilik.com\/index.php\/wp-json\/wp\/v2\/product_brand?post=35311"},{"taxonomy":"product_cat","embeddable":true,"href":"https:\/\/kervanmagazacilik.com\/index.php\/wp-json\/wp\/v2\/product_cat?post=35311"},{"taxonomy":"product_tag","embeddable":true,"href":"https:\/\/kervanmagazacilik.com\/index.php\/wp-json\/wp\/v2\/product_tag?post=35311"}],"curies":[{"name":"wp","href":"https:\/\/api.w.org\/{rel}","templated":true}]}}