{"id":35245,"date":"2026-02-06T09:30:40","date_gmt":"2026-02-06T06:30:40","guid":{"rendered":"https:\/\/kervanmagazacilik.com\/?post_type=product&#038;p=35245"},"modified":"2026-02-06T09:30:41","modified_gmt":"2026-02-06T06:30:41","slug":"161uck000230","status":"publish","type":"product","link":"https:\/\/kervanmagazacilik.com\/index.php\/urun\/161uck000230\/","title":{"rendered":"161UCK000230"},"content":{"rendered":"<p>161UCK000230<\/p>\n<p>N\u0130NNA \u0130K\u0130L\u0130 BORNOZ SET KREM<\/p>\n","protected":false},"excerpt":{"rendered":"<p>161UCK000230 N\u0130NNA \u0130K\u0130L\u0130 BORNOZ SET KREM<\/p>\n","protected":false},"featured_media":35246,"template":"","meta":[],"product_brand":[],"product_cat":[2901],"product_tag":[7573],"class_list":{"0":"post-35245","1":"product","2":"type-product","3":"status-publish","4":"has-post-thumbnail","6":"product_cat-161uck","7":"product_tag-161uck000230","9":"first","10":"instock","11":"taxable","12":"shipping-taxable","13":"product-type-simple"},"_links":{"self":[{"href":"https:\/\/kervanmagazacilik.com\/index.php\/wp-json\/wp\/v2\/product\/35245","targetHints":{"allow":["GET"]}}],"collection":[{"href":"https:\/\/kervanmagazacilik.com\/index.php\/wp-json\/wp\/v2\/product"}],"about":[{"href":"https:\/\/kervanmagazacilik.com\/index.php\/wp-json\/wp\/v2\/types\/product"}],"wp:featuredmedia":[{"embeddable":true,"href":"https:\/\/kervanmagazacilik.com\/index.php\/wp-json\/wp\/v2\/media\/35246"}],"wp:attachment":[{"href":"https:\/\/kervanmagazacilik.com\/index.php\/wp-json\/wp\/v2\/media?parent=35245"}],"wp:term":[{"taxonomy":"product_brand","embeddable":true,"href":"https:\/\/kervanmagazacilik.com\/index.php\/wp-json\/wp\/v2\/product_brand?post=35245"},{"taxonomy":"product_cat","embeddable":true,"href":"https:\/\/kervanmagazacilik.com\/index.php\/wp-json\/wp\/v2\/product_cat?post=35245"},{"taxonomy":"product_tag","embeddable":true,"href":"https:\/\/kervanmagazacilik.com\/index.php\/wp-json\/wp\/v2\/product_tag?post=35245"}],"curies":[{"name":"wp","href":"https:\/\/api.w.org\/{rel}","templated":true}]}}