{"id":35240,"date":"2026-02-06T09:18:56","date_gmt":"2026-02-06T06:18:56","guid":{"rendered":"https:\/\/kervanmagazacilik.com\/?post_type=product&#038;p=35240"},"modified":"2026-02-06T09:19:01","modified_gmt":"2026-02-06T06:19:01","slug":"161uck000229","status":"publish","type":"product","link":"https:\/\/kervanmagazacilik.com\/index.php\/urun\/161uck000229\/","title":{"rendered":"161UCK000229"},"content":{"rendered":"<p>161UCK000229<\/p>\n<p>LU\u0130ZA \u0130K\u0130L\u0130 BORNOZ SET SED\u0130R M\u0130NT<\/p>\n","protected":false},"excerpt":{"rendered":"<p>161UCK000229 LU\u0130ZA \u0130K\u0130L\u0130 BORNOZ SET SED\u0130R M\u0130NT<\/p>\n","protected":false},"featured_media":35242,"template":"","meta":[],"product_brand":[],"product_cat":[2901],"product_tag":[7572],"class_list":{"0":"post-35240","1":"product","2":"type-product","3":"status-publish","4":"has-post-thumbnail","6":"product_cat-161uck","7":"product_tag-161uck000229","9":"first","10":"instock","11":"taxable","12":"shipping-taxable","13":"product-type-simple"},"_links":{"self":[{"href":"https:\/\/kervanmagazacilik.com\/index.php\/wp-json\/wp\/v2\/product\/35240","targetHints":{"allow":["GET"]}}],"collection":[{"href":"https:\/\/kervanmagazacilik.com\/index.php\/wp-json\/wp\/v2\/product"}],"about":[{"href":"https:\/\/kervanmagazacilik.com\/index.php\/wp-json\/wp\/v2\/types\/product"}],"wp:featuredmedia":[{"embeddable":true,"href":"https:\/\/kervanmagazacilik.com\/index.php\/wp-json\/wp\/v2\/media\/35242"}],"wp:attachment":[{"href":"https:\/\/kervanmagazacilik.com\/index.php\/wp-json\/wp\/v2\/media?parent=35240"}],"wp:term":[{"taxonomy":"product_brand","embeddable":true,"href":"https:\/\/kervanmagazacilik.com\/index.php\/wp-json\/wp\/v2\/product_brand?post=35240"},{"taxonomy":"product_cat","embeddable":true,"href":"https:\/\/kervanmagazacilik.com\/index.php\/wp-json\/wp\/v2\/product_cat?post=35240"},{"taxonomy":"product_tag","embeddable":true,"href":"https:\/\/kervanmagazacilik.com\/index.php\/wp-json\/wp\/v2\/product_tag?post=35240"}],"curies":[{"name":"wp","href":"https:\/\/api.w.org\/{rel}","templated":true}]}}