{"id":35223,"date":"2026-02-05T17:38:48","date_gmt":"2026-02-05T14:38:48","guid":{"rendered":"https:\/\/kervanmagazacilik.com\/?post_type=product&#038;p=35223"},"modified":"2026-02-05T17:38:49","modified_gmt":"2026-02-05T14:38:49","slug":"141uck000549","status":"publish","type":"product","link":"https:\/\/kervanmagazacilik.com\/index.php\/urun\/141uck000549\/","title":{"rendered":"141UCK000549"},"content":{"rendered":"<p>141UCK000549<\/p>\n<p>LU\u0130ZA 90X150 CM HAVLU SED\u0130R M\u0130NT<\/p>\n","protected":false},"excerpt":{"rendered":"<p>141UCK000549 LU\u0130ZA 90X150 CM HAVLU SED\u0130R M\u0130NT<\/p>\n","protected":false},"featured_media":35225,"template":"","meta":[],"product_brand":[],"product_cat":[2630],"product_tag":[7568],"class_list":{"0":"post-35223","1":"product","2":"type-product","3":"status-publish","4":"has-post-thumbnail","6":"product_cat-141uck","7":"product_tag-141uck000549","9":"first","10":"instock","11":"taxable","12":"shipping-taxable","13":"product-type-simple"},"_links":{"self":[{"href":"https:\/\/kervanmagazacilik.com\/index.php\/wp-json\/wp\/v2\/product\/35223","targetHints":{"allow":["GET"]}}],"collection":[{"href":"https:\/\/kervanmagazacilik.com\/index.php\/wp-json\/wp\/v2\/product"}],"about":[{"href":"https:\/\/kervanmagazacilik.com\/index.php\/wp-json\/wp\/v2\/types\/product"}],"wp:featuredmedia":[{"embeddable":true,"href":"https:\/\/kervanmagazacilik.com\/index.php\/wp-json\/wp\/v2\/media\/35225"}],"wp:attachment":[{"href":"https:\/\/kervanmagazacilik.com\/index.php\/wp-json\/wp\/v2\/media?parent=35223"}],"wp:term":[{"taxonomy":"product_brand","embeddable":true,"href":"https:\/\/kervanmagazacilik.com\/index.php\/wp-json\/wp\/v2\/product_brand?post=35223"},{"taxonomy":"product_cat","embeddable":true,"href":"https:\/\/kervanmagazacilik.com\/index.php\/wp-json\/wp\/v2\/product_cat?post=35223"},{"taxonomy":"product_tag","embeddable":true,"href":"https:\/\/kervanmagazacilik.com\/index.php\/wp-json\/wp\/v2\/product_tag?post=35223"}],"curies":[{"name":"wp","href":"https:\/\/api.w.org\/{rel}","templated":true}]}}