{"id":35218,"date":"2026-02-05T17:35:41","date_gmt":"2026-02-05T14:35:41","guid":{"rendered":"https:\/\/kervanmagazacilik.com\/?post_type=product&#038;p=35218"},"modified":"2026-02-05T17:35:42","modified_gmt":"2026-02-05T14:35:42","slug":"141uck000547","status":"publish","type":"product","link":"https:\/\/kervanmagazacilik.com\/index.php\/urun\/141uck000547\/","title":{"rendered":"141UCK000547"},"content":{"rendered":"<p>141UCK000547<\/p>\n<p>LU\u0130ZA 30X50 CM HAVLU SED\u0130R M\u0130NT<\/p>\n","protected":false},"excerpt":{"rendered":"<p>141UCK000547 LU\u0130ZA 30X50 CM HAVLU SED\u0130R M\u0130NT<\/p>\n","protected":false},"featured_media":35219,"template":"","meta":[],"product_brand":[],"product_cat":[2630],"product_tag":[7566],"class_list":{"0":"post-35218","1":"product","2":"type-product","3":"status-publish","4":"has-post-thumbnail","6":"product_cat-141uck","7":"product_tag-141uck000547","9":"first","10":"instock","11":"taxable","12":"shipping-taxable","13":"product-type-simple"},"_links":{"self":[{"href":"https:\/\/kervanmagazacilik.com\/index.php\/wp-json\/wp\/v2\/product\/35218","targetHints":{"allow":["GET"]}}],"collection":[{"href":"https:\/\/kervanmagazacilik.com\/index.php\/wp-json\/wp\/v2\/product"}],"about":[{"href":"https:\/\/kervanmagazacilik.com\/index.php\/wp-json\/wp\/v2\/types\/product"}],"wp:featuredmedia":[{"embeddable":true,"href":"https:\/\/kervanmagazacilik.com\/index.php\/wp-json\/wp\/v2\/media\/35219"}],"wp:attachment":[{"href":"https:\/\/kervanmagazacilik.com\/index.php\/wp-json\/wp\/v2\/media?parent=35218"}],"wp:term":[{"taxonomy":"product_brand","embeddable":true,"href":"https:\/\/kervanmagazacilik.com\/index.php\/wp-json\/wp\/v2\/product_brand?post=35218"},{"taxonomy":"product_cat","embeddable":true,"href":"https:\/\/kervanmagazacilik.com\/index.php\/wp-json\/wp\/v2\/product_cat?post=35218"},{"taxonomy":"product_tag","embeddable":true,"href":"https:\/\/kervanmagazacilik.com\/index.php\/wp-json\/wp\/v2\/product_tag?post=35218"}],"curies":[{"name":"wp","href":"https:\/\/api.w.org\/{rel}","templated":true}]}}