{"id":35208,"date":"2026-02-05T17:30:24","date_gmt":"2026-02-05T14:30:24","guid":{"rendered":"https:\/\/kervanmagazacilik.com\/?post_type=product&#038;p=35208"},"modified":"2026-02-05T17:30:26","modified_gmt":"2026-02-05T14:30:26","slug":"141uck000544","status":"publish","type":"product","link":"https:\/\/kervanmagazacilik.com\/index.php\/urun\/141uck000544\/","title":{"rendered":"141UCK000544"},"content":{"rendered":"<p>141UCK000544<\/p>\n<p>LU\u0130ZA 30X50 CM HAVLU KREM<\/p>\n<p>30 derece narin y\u0131kama \u00c7ama\u015f\u0131r suyu konmaz Kurutma makinesinde kurutulamaz D\u00fc\u015f\u00fck \u0131s\u0131da \u00fct\u00fclenmelidir<\/p>\n","protected":false},"excerpt":{"rendered":"<p>141UCK000544 LU\u0130ZA 30X50 CM HAVLU KREM 30 derece narin y\u0131kama \u00c7ama\u015f\u0131r suyu konmaz Kurutma makinesinde kurutulamaz D\u00fc\u015f\u00fck \u0131s\u0131da \u00fct\u00fclenmelidir<\/p>\n","protected":false},"featured_media":35209,"template":"","meta":[],"product_brand":[],"product_cat":[2630],"product_tag":[7563],"class_list":{"0":"post-35208","1":"product","2":"type-product","3":"status-publish","4":"has-post-thumbnail","6":"product_cat-141uck","7":"product_tag-141uck000544","9":"first","10":"instock","11":"taxable","12":"shipping-taxable","13":"product-type-simple"},"_links":{"self":[{"href":"https:\/\/kervanmagazacilik.com\/index.php\/wp-json\/wp\/v2\/product\/35208","targetHints":{"allow":["GET"]}}],"collection":[{"href":"https:\/\/kervanmagazacilik.com\/index.php\/wp-json\/wp\/v2\/product"}],"about":[{"href":"https:\/\/kervanmagazacilik.com\/index.php\/wp-json\/wp\/v2\/types\/product"}],"wp:featuredmedia":[{"embeddable":true,"href":"https:\/\/kervanmagazacilik.com\/index.php\/wp-json\/wp\/v2\/media\/35209"}],"wp:attachment":[{"href":"https:\/\/kervanmagazacilik.com\/index.php\/wp-json\/wp\/v2\/media?parent=35208"}],"wp:term":[{"taxonomy":"product_brand","embeddable":true,"href":"https:\/\/kervanmagazacilik.com\/index.php\/wp-json\/wp\/v2\/product_brand?post=35208"},{"taxonomy":"product_cat","embeddable":true,"href":"https:\/\/kervanmagazacilik.com\/index.php\/wp-json\/wp\/v2\/product_cat?post=35208"},{"taxonomy":"product_tag","embeddable":true,"href":"https:\/\/kervanmagazacilik.com\/index.php\/wp-json\/wp\/v2\/product_tag?post=35208"}],"curies":[{"name":"wp","href":"https:\/\/api.w.org\/{rel}","templated":true}]}}