{"id":35201,"date":"2026-02-05T15:14:59","date_gmt":"2026-02-05T12:14:59","guid":{"rendered":"https:\/\/kervanmagazacilik.com\/?post_type=product&#038;p=35201"},"modified":"2026-02-05T15:14:59","modified_gmt":"2026-02-05T12:14:59","slug":"611wd0000048","status":"publish","type":"product","link":"https:\/\/kervanmagazacilik.com\/index.php\/urun\/611wd0000048\/","title":{"rendered":"611WD0000048"},"content":{"rendered":"<p>611WD0000048<\/p>\n<p>\u00dc\u00c7L\u00dc SEHPA xxcm-xxcm-xxcm MUDA<\/p>\n","protected":false},"excerpt":{"rendered":"<p>611WD0000048 \u00dc\u00c7L\u00dc SEHPA xxcm-xxcm-xxcm MUDA<\/p>\n","protected":false},"featured_media":35205,"template":"","meta":[],"product_brand":[],"product_cat":[112],"product_tag":[7562],"class_list":{"0":"post-35201","1":"product","2":"type-product","3":"status-publish","4":"has-post-thumbnail","6":"product_cat-611wd","7":"product_tag-611wd0000048","9":"first","10":"instock","11":"taxable","12":"shipping-taxable","13":"product-type-simple"},"_links":{"self":[{"href":"https:\/\/kervanmagazacilik.com\/index.php\/wp-json\/wp\/v2\/product\/35201","targetHints":{"allow":["GET"]}}],"collection":[{"href":"https:\/\/kervanmagazacilik.com\/index.php\/wp-json\/wp\/v2\/product"}],"about":[{"href":"https:\/\/kervanmagazacilik.com\/index.php\/wp-json\/wp\/v2\/types\/product"}],"wp:featuredmedia":[{"embeddable":true,"href":"https:\/\/kervanmagazacilik.com\/index.php\/wp-json\/wp\/v2\/media\/35205"}],"wp:attachment":[{"href":"https:\/\/kervanmagazacilik.com\/index.php\/wp-json\/wp\/v2\/media?parent=35201"}],"wp:term":[{"taxonomy":"product_brand","embeddable":true,"href":"https:\/\/kervanmagazacilik.com\/index.php\/wp-json\/wp\/v2\/product_brand?post=35201"},{"taxonomy":"product_cat","embeddable":true,"href":"https:\/\/kervanmagazacilik.com\/index.php\/wp-json\/wp\/v2\/product_cat?post=35201"},{"taxonomy":"product_tag","embeddable":true,"href":"https:\/\/kervanmagazacilik.com\/index.php\/wp-json\/wp\/v2\/product_tag?post=35201"}],"curies":[{"name":"wp","href":"https:\/\/api.w.org\/{rel}","templated":true}]}}