{"id":35177,"date":"2026-02-05T14:00:50","date_gmt":"2026-02-05T11:00:50","guid":{"rendered":"https:\/\/kervanmagazacilik.com\/?post_type=product&#038;p=35177"},"modified":"2026-02-05T14:00:50","modified_gmt":"2026-02-05T11:00:50","slug":"611cos000007","status":"publish","type":"product","link":"https:\/\/kervanmagazacilik.com\/index.php\/urun\/611cos000007\/","title":{"rendered":"611COS000007"},"content":{"rendered":"<p>611COS000007<\/p>\n<p>CS150 BORA F\u0130SKOS SET 2 SANDALYE+SEHPA 69x77x69-50x50x50cm<\/p>\n<p>\u00c7elik, Yuvarlak halat, Olefin Kuma\u015f<\/p>\n<p>&nbsp;<\/p>\n","protected":false},"excerpt":{"rendered":"<p>611COS000007 CS150 BORA F\u0130SKOS SET 2 SANDALYE+SEHPA 69x77x69-50x50x50cm \u00c7elik, Yuvarlak halat, Olefin Kuma\u015f &nbsp;<\/p>\n","protected":false},"featured_media":35178,"template":"","meta":[],"product_brand":[],"product_cat":[6242],"product_tag":[7554],"class_list":{"0":"post-35177","1":"product","2":"type-product","3":"status-publish","4":"has-post-thumbnail","6":"product_cat-611cos","7":"product_tag-611cos000007","9":"first","10":"instock","11":"taxable","12":"shipping-taxable","13":"product-type-simple"},"_links":{"self":[{"href":"https:\/\/kervanmagazacilik.com\/index.php\/wp-json\/wp\/v2\/product\/35177","targetHints":{"allow":["GET"]}}],"collection":[{"href":"https:\/\/kervanmagazacilik.com\/index.php\/wp-json\/wp\/v2\/product"}],"about":[{"href":"https:\/\/kervanmagazacilik.com\/index.php\/wp-json\/wp\/v2\/types\/product"}],"wp:featuredmedia":[{"embeddable":true,"href":"https:\/\/kervanmagazacilik.com\/index.php\/wp-json\/wp\/v2\/media\/35178"}],"wp:attachment":[{"href":"https:\/\/kervanmagazacilik.com\/index.php\/wp-json\/wp\/v2\/media?parent=35177"}],"wp:term":[{"taxonomy":"product_brand","embeddable":true,"href":"https:\/\/kervanmagazacilik.com\/index.php\/wp-json\/wp\/v2\/product_brand?post=35177"},{"taxonomy":"product_cat","embeddable":true,"href":"https:\/\/kervanmagazacilik.com\/index.php\/wp-json\/wp\/v2\/product_cat?post=35177"},{"taxonomy":"product_tag","embeddable":true,"href":"https:\/\/kervanmagazacilik.com\/index.php\/wp-json\/wp\/v2\/product_tag?post=35177"}],"curies":[{"name":"wp","href":"https:\/\/api.w.org\/{rel}","templated":true}]}}