{"id":35132,"date":"2026-02-03T13:50:29","date_gmt":"2026-02-03T10:50:29","guid":{"rendered":"https:\/\/kervanmagazacilik.com\/?post_type=product&#038;p=35132"},"modified":"2026-02-03T13:50:30","modified_gmt":"2026-02-03T10:50:30","slug":"759arp000354","status":"publish","type":"product","link":"https:\/\/kervanmagazacilik.com\/index.php\/urun\/759arp000354\/","title":{"rendered":"759ARP000354"},"content":{"rendered":"<p>759ARP000354<\/p>\n<p>LAV\u0130N KAPAKLI VAZO B\u00dcY\u00dcK 25X60 CM KREM-GOLD<\/p>\n<p>MALZEME: %100 POLYESTER<br \/>\n\u00d6l\u00e7\u00fcler +\/- 5 cm de\u011fi\u015fkenlik g\u00f6sterebilir<br \/>\nKURU BEZ \u0130LE TOZ ALINMALIDIR<\/p>\n","protected":false},"excerpt":{"rendered":"<p>759ARP000354 LAV\u0130N KAPAKLI VAZO B\u00dcY\u00dcK 25X60 CM KREM-GOLD MALZEME: %100 POLYESTER \u00d6l\u00e7\u00fcler +\/- 5 cm de\u011fi\u015fkenlik g\u00f6sterebilir KURU BEZ \u0130LE TOZ ALINMALIDIR<\/p>\n","protected":false},"featured_media":35136,"template":"","meta":[],"product_brand":[],"product_cat":[206],"product_tag":[7546],"class_list":{"0":"post-35132","1":"product","2":"type-product","3":"status-publish","4":"has-post-thumbnail","6":"product_cat-759arp","7":"product_tag-759arp000354","9":"first","10":"instock","11":"taxable","12":"shipping-taxable","13":"product-type-simple"},"_links":{"self":[{"href":"https:\/\/kervanmagazacilik.com\/index.php\/wp-json\/wp\/v2\/product\/35132","targetHints":{"allow":["GET"]}}],"collection":[{"href":"https:\/\/kervanmagazacilik.com\/index.php\/wp-json\/wp\/v2\/product"}],"about":[{"href":"https:\/\/kervanmagazacilik.com\/index.php\/wp-json\/wp\/v2\/types\/product"}],"wp:featuredmedia":[{"embeddable":true,"href":"https:\/\/kervanmagazacilik.com\/index.php\/wp-json\/wp\/v2\/media\/35136"}],"wp:attachment":[{"href":"https:\/\/kervanmagazacilik.com\/index.php\/wp-json\/wp\/v2\/media?parent=35132"}],"wp:term":[{"taxonomy":"product_brand","embeddable":true,"href":"https:\/\/kervanmagazacilik.com\/index.php\/wp-json\/wp\/v2\/product_brand?post=35132"},{"taxonomy":"product_cat","embeddable":true,"href":"https:\/\/kervanmagazacilik.com\/index.php\/wp-json\/wp\/v2\/product_cat?post=35132"},{"taxonomy":"product_tag","embeddable":true,"href":"https:\/\/kervanmagazacilik.com\/index.php\/wp-json\/wp\/v2\/product_tag?post=35132"}],"curies":[{"name":"wp","href":"https:\/\/api.w.org\/{rel}","templated":true}]}}