{"id":35129,"date":"2026-02-03T13:47:23","date_gmt":"2026-02-03T10:47:23","guid":{"rendered":"https:\/\/kervanmagazacilik.com\/?post_type=product&#038;p=35129"},"modified":"2026-02-03T13:47:23","modified_gmt":"2026-02-03T10:47:23","slug":"012hsh002584","status":"publish","type":"product","link":"https:\/\/kervanmagazacilik.com\/index.php\/urun\/012hsh002584\/","title":{"rendered":"012HSH002584"},"content":{"rendered":"<p>012HSH002584<\/p>\n<p>EL\u0130ZYA YATAK \u00d6RT\u00dcS\u00dc 270&#215;270 cm CK 4 PRC M\u0130NT<\/p>\n<p>Kuma\u015f; %100 Polyester<br \/>\nAksesuar; %100 Polyester<br \/>\nSadece kuru temizleme yap\u0131lmal\u0131d\u0131r<\/p>\n<p>ALT GRUP: YATAK ODASI TEKST\u0130L\u0130<\/p>\n<p>\u00d6RT\u00dc: 270X270 CM<br \/>\nYASTIK: 50X70 CM (2 ADET)<br \/>\nKIRLENT: 35X80 CM (1 ADET)<\/p>\n","protected":false},"excerpt":{"rendered":"<p>012HSH002584 EL\u0130ZYA YATAK \u00d6RT\u00dcS\u00dc 270&#215;270 cm CK 4 PRC M\u0130NT Kuma\u015f; %100 Polyester Aksesuar; %100 Polyester Sadece kuru temizleme yap\u0131lmal\u0131d\u0131r ALT GRUP: YATAK ODASI TEKST\u0130L\u0130 \u00d6RT\u00dc: 270X270 CM YASTIK: 50X70 CM (2 ADET) KIRLENT: 35X80 CM (1 ADET)<\/p>\n","protected":false},"featured_media":35133,"template":"","meta":[],"product_brand":[],"product_cat":[2475],"product_tag":[7545],"class_list":{"0":"post-35129","1":"product","2":"type-product","3":"status-publish","4":"has-post-thumbnail","6":"product_cat-012hsh","7":"product_tag-012hsh002584","9":"first","10":"instock","11":"taxable","12":"shipping-taxable","13":"product-type-simple"},"_links":{"self":[{"href":"https:\/\/kervanmagazacilik.com\/index.php\/wp-json\/wp\/v2\/product\/35129","targetHints":{"allow":["GET"]}}],"collection":[{"href":"https:\/\/kervanmagazacilik.com\/index.php\/wp-json\/wp\/v2\/product"}],"about":[{"href":"https:\/\/kervanmagazacilik.com\/index.php\/wp-json\/wp\/v2\/types\/product"}],"wp:featuredmedia":[{"embeddable":true,"href":"https:\/\/kervanmagazacilik.com\/index.php\/wp-json\/wp\/v2\/media\/35133"}],"wp:attachment":[{"href":"https:\/\/kervanmagazacilik.com\/index.php\/wp-json\/wp\/v2\/media?parent=35129"}],"wp:term":[{"taxonomy":"product_brand","embeddable":true,"href":"https:\/\/kervanmagazacilik.com\/index.php\/wp-json\/wp\/v2\/product_brand?post=35129"},{"taxonomy":"product_cat","embeddable":true,"href":"https:\/\/kervanmagazacilik.com\/index.php\/wp-json\/wp\/v2\/product_cat?post=35129"},{"taxonomy":"product_tag","embeddable":true,"href":"https:\/\/kervanmagazacilik.com\/index.php\/wp-json\/wp\/v2\/product_tag?post=35129"}],"curies":[{"name":"wp","href":"https:\/\/api.w.org\/{rel}","templated":true}]}}