{"id":35111,"date":"2026-02-03T11:29:38","date_gmt":"2026-02-03T08:29:38","guid":{"rendered":"https:\/\/kervanmagazacilik.com\/?post_type=product&#038;p=35111"},"modified":"2026-02-03T11:29:38","modified_gmt":"2026-02-03T08:29:38","slug":"002hsh002400","status":"publish","type":"product","link":"https:\/\/kervanmagazacilik.com\/index.php\/urun\/002hsh002400\/","title":{"rendered":"002HSH002400"},"content":{"rendered":"<p>002HSH002400<\/p>\n<p>EL\u0130ZYA NEVRES\u0130M TAKIMI 200X220 CK 6 PRC M\u0130NT<\/p>\n<p>Kuma\u015f, %100 pamuk<br \/>\n30 derece narin y\u0131kama<br \/>\n\u00c7ama\u015f\u0131r suyu konamaz<br \/>\nKurutma makinesinde kurutulamaz<br \/>\nD\u00fc\u015f\u00fck \u0131s\u0131da \u00fct\u00fclenmelidir<\/p>\n<p>ALT GRUP: YATAK ODASI TEKST\u0130L\u0130<\/p>\n<p>NEVRES\u0130M: 200X220 CM<br \/>\n\u00c7AR\u015eAF: 240X260<br \/>\nOXFORD YASTIK: 50X70 CM (2 ADET)<br \/>\nUYKU YASTI\u011eI: 50X70 CM (2 ADET)<\/p>\n","protected":false},"excerpt":{"rendered":"<p>002HSH002400 EL\u0130ZYA NEVRES\u0130M TAKIMI 200X220 CK 6 PRC M\u0130NT Kuma\u015f, %100 pamuk 30 derece narin y\u0131kama \u00c7ama\u015f\u0131r suyu konamaz Kurutma makinesinde kurutulamaz D\u00fc\u015f\u00fck \u0131s\u0131da \u00fct\u00fclenmelidir ALT GRUP: YATAK ODASI TEKST\u0130L\u0130 NEVRES\u0130M: 200X220 CM \u00c7AR\u015eAF: 240X260 OXFORD YASTIK: 50X70 CM (2 ADET) UYKU YASTI\u011eI: 50X70 CM (2 ADET)<\/p>\n","protected":false},"featured_media":35112,"template":"","meta":[],"product_brand":[],"product_cat":[2085],"product_tag":[7541],"class_list":{"0":"post-35111","1":"product","2":"type-product","3":"status-publish","4":"has-post-thumbnail","6":"product_cat-002hsh","7":"product_tag-002hsh002400","9":"first","10":"instock","11":"taxable","12":"shipping-taxable","13":"product-type-simple"},"_links":{"self":[{"href":"https:\/\/kervanmagazacilik.com\/index.php\/wp-json\/wp\/v2\/product\/35111","targetHints":{"allow":["GET"]}}],"collection":[{"href":"https:\/\/kervanmagazacilik.com\/index.php\/wp-json\/wp\/v2\/product"}],"about":[{"href":"https:\/\/kervanmagazacilik.com\/index.php\/wp-json\/wp\/v2\/types\/product"}],"wp:featuredmedia":[{"embeddable":true,"href":"https:\/\/kervanmagazacilik.com\/index.php\/wp-json\/wp\/v2\/media\/35112"}],"wp:attachment":[{"href":"https:\/\/kervanmagazacilik.com\/index.php\/wp-json\/wp\/v2\/media?parent=35111"}],"wp:term":[{"taxonomy":"product_brand","embeddable":true,"href":"https:\/\/kervanmagazacilik.com\/index.php\/wp-json\/wp\/v2\/product_brand?post=35111"},{"taxonomy":"product_cat","embeddable":true,"href":"https:\/\/kervanmagazacilik.com\/index.php\/wp-json\/wp\/v2\/product_cat?post=35111"},{"taxonomy":"product_tag","embeddable":true,"href":"https:\/\/kervanmagazacilik.com\/index.php\/wp-json\/wp\/v2\/product_tag?post=35111"}],"curies":[{"name":"wp","href":"https:\/\/api.w.org\/{rel}","templated":true}]}}