{"id":35106,"date":"2026-02-03T11:25:56","date_gmt":"2026-02-03T08:25:56","guid":{"rendered":"https:\/\/kervanmagazacilik.com\/?post_type=product&#038;p=35106"},"modified":"2026-02-03T11:25:57","modified_gmt":"2026-02-03T08:25:57","slug":"002hsh002404","status":"publish","type":"product","link":"https:\/\/kervanmagazacilik.com\/index.php\/urun\/002hsh002404\/","title":{"rendered":"002HSH002404"},"content":{"rendered":"<p>002HSH002404<\/p>\n<p>W\u0130NDED NEVRESIM TAKIMI 200X220 CK. 6 PRC TA\u015e<\/p>\n<p>Kuma\u015f, %100 pamuk<br \/>\nAksesuar; %100 Polyester<br \/>\n30 derece narin y\u0131kama<br \/>\n\u00c7ama\u015f\u0131r suyu konamaz<br \/>\nKurutma makinesinde kurutulamaz<br \/>\nD\u00fc\u015f\u00fck \u0131s\u0131da \u00fct\u00fclenmelidir<\/p>\n<p>ALT GRUP: YATAK ODASI TEKST\u0130L\u0130<\/p>\n<p>NEVRES\u0130M: 200X220<br \/>\n\u00c7AR\u015eAF: 250X270<br \/>\nUYKU YASTI\u011eI: 50X70 (2 ADET)<br \/>\nOXFORD YASTIK: 50X70 (2 ADET)<\/p>\n<p>\u00fcr\u00fcnler y\u0131kanmam\u0131\u015f olup y\u0131kad\u0131ktan sonra arka pamuk saten kuma\u015fta % 10 a yak\u0131n \u00e7ekme olacakt\u0131r.<\/p>\n","protected":false},"excerpt":{"rendered":"<p>002HSH002404 W\u0130NDED NEVRESIM TAKIMI 200X220 CK. 6 PRC TA\u015e Kuma\u015f, %100 pamuk Aksesuar; %100 Polyester 30 derece narin y\u0131kama \u00c7ama\u015f\u0131r suyu konamaz Kurutma makinesinde kurutulamaz D\u00fc\u015f\u00fck \u0131s\u0131da \u00fct\u00fclenmelidir ALT GRUP: YATAK ODASI TEKST\u0130L\u0130 NEVRES\u0130M: 200X220 \u00c7AR\u015eAF: 250X270 UYKU YASTI\u011eI: 50X70 (2 ADET) OXFORD YASTIK: 50X70 (2 ADET) \u00fcr\u00fcnler y\u0131kanmam\u0131\u015f olup y\u0131kad\u0131ktan sonra arka pamuk saten [&hellip;]<\/p>\n","protected":false},"featured_media":35108,"template":"","meta":[],"product_brand":[],"product_cat":[2085],"product_tag":[7540],"class_list":{"0":"post-35106","1":"product","2":"type-product","3":"status-publish","4":"has-post-thumbnail","6":"product_cat-002hsh","7":"product_tag-002hsh002404","9":"first","10":"instock","11":"taxable","12":"shipping-taxable","13":"product-type-simple"},"_links":{"self":[{"href":"https:\/\/kervanmagazacilik.com\/index.php\/wp-json\/wp\/v2\/product\/35106","targetHints":{"allow":["GET"]}}],"collection":[{"href":"https:\/\/kervanmagazacilik.com\/index.php\/wp-json\/wp\/v2\/product"}],"about":[{"href":"https:\/\/kervanmagazacilik.com\/index.php\/wp-json\/wp\/v2\/types\/product"}],"wp:featuredmedia":[{"embeddable":true,"href":"https:\/\/kervanmagazacilik.com\/index.php\/wp-json\/wp\/v2\/media\/35108"}],"wp:attachment":[{"href":"https:\/\/kervanmagazacilik.com\/index.php\/wp-json\/wp\/v2\/media?parent=35106"}],"wp:term":[{"taxonomy":"product_brand","embeddable":true,"href":"https:\/\/kervanmagazacilik.com\/index.php\/wp-json\/wp\/v2\/product_brand?post=35106"},{"taxonomy":"product_cat","embeddable":true,"href":"https:\/\/kervanmagazacilik.com\/index.php\/wp-json\/wp\/v2\/product_cat?post=35106"},{"taxonomy":"product_tag","embeddable":true,"href":"https:\/\/kervanmagazacilik.com\/index.php\/wp-json\/wp\/v2\/product_tag?post=35106"}],"curies":[{"name":"wp","href":"https:\/\/api.w.org\/{rel}","templated":true}]}}