{"id":34997,"date":"2026-01-28T10:03:18","date_gmt":"2026-01-28T07:03:18","guid":{"rendered":"https:\/\/kervanmagazacilik.com\/?post_type=product&#038;p=34997"},"modified":"2026-01-28T10:03:19","modified_gmt":"2026-01-28T07:03:19","slug":"042rys000099","status":"publish","type":"product","link":"https:\/\/kervanmagazacilik.com\/index.php\/urun\/042rys000099\/","title":{"rendered":"042RYS000099"},"content":{"rendered":"<p>042RYS000099<\/p>\n<p>LAD\u0130S P\u0130KE-YATAK \u00d6RT\u00dcS\u00dc 240&#215;250 3 PRC KREM-SOMON<\/p>\n<p>30 derece narin y\u0131kama \u00c7ama\u015f\u0131r suyu konmaz Kurutma makinesinde kurutulamaz D\u00fc\u015f\u00fck \u0131s\u0131da \u00fct\u00fclenmelidir<\/p>\n","protected":false},"excerpt":{"rendered":"<p>042RYS000099 LAD\u0130S P\u0130KE-YATAK \u00d6RT\u00dcS\u00dc 240&#215;250 3 PRC KREM-SOMON 30 derece narin y\u0131kama \u00c7ama\u015f\u0131r suyu konmaz Kurutma makinesinde kurutulamaz D\u00fc\u015f\u00fck \u0131s\u0131da \u00fct\u00fclenmelidir<\/p>\n","protected":false},"featured_media":35000,"template":"","meta":[],"product_brand":[],"product_cat":[7185],"product_tag":[7514],"class_list":{"0":"post-34997","1":"product","2":"type-product","3":"status-publish","4":"has-post-thumbnail","6":"product_cat-042rsy","7":"product_tag-042rys000099","9":"first","10":"instock","11":"taxable","12":"shipping-taxable","13":"product-type-simple"},"_links":{"self":[{"href":"https:\/\/kervanmagazacilik.com\/index.php\/wp-json\/wp\/v2\/product\/34997","targetHints":{"allow":["GET"]}}],"collection":[{"href":"https:\/\/kervanmagazacilik.com\/index.php\/wp-json\/wp\/v2\/product"}],"about":[{"href":"https:\/\/kervanmagazacilik.com\/index.php\/wp-json\/wp\/v2\/types\/product"}],"wp:featuredmedia":[{"embeddable":true,"href":"https:\/\/kervanmagazacilik.com\/index.php\/wp-json\/wp\/v2\/media\/35000"}],"wp:attachment":[{"href":"https:\/\/kervanmagazacilik.com\/index.php\/wp-json\/wp\/v2\/media?parent=34997"}],"wp:term":[{"taxonomy":"product_brand","embeddable":true,"href":"https:\/\/kervanmagazacilik.com\/index.php\/wp-json\/wp\/v2\/product_brand?post=34997"},{"taxonomy":"product_cat","embeddable":true,"href":"https:\/\/kervanmagazacilik.com\/index.php\/wp-json\/wp\/v2\/product_cat?post=34997"},{"taxonomy":"product_tag","embeddable":true,"href":"https:\/\/kervanmagazacilik.com\/index.php\/wp-json\/wp\/v2\/product_tag?post=34997"}],"curies":[{"name":"wp","href":"https:\/\/api.w.org\/{rel}","templated":true}]}}