{"id":34973,"date":"2026-01-28T09:42:22","date_gmt":"2026-01-28T06:42:22","guid":{"rendered":"https:\/\/kervanmagazacilik.com\/?post_type=product&#038;p=34973"},"modified":"2026-01-28T09:42:22","modified_gmt":"2026-01-28T06:42:22","slug":"759npt000039","status":"publish","type":"product","link":"https:\/\/kervanmagazacilik.com\/index.php\/urun\/759npt000039\/","title":{"rendered":"759NPT000039"},"content":{"rendered":"<p>759NPT000039<\/p>\n<p>5&#8217;L\u0130 KISA KOKU KAMI\u015eI NATUREL<\/p>\n<p>ODA KOKULARINIZDA KULLANMANIZ \u0130\u00c7\u0130N 5&#8217;L\u0130 OLARAK MEVCUTTUR. \u00c7UBUKLARI KOKUNUN \u0130\u00c7\u0130NE KOYUNUZ, ZAMANLA KOKUYU EM\u0130P YAYILMASINI SA\u011eLAYACAK. ARADA SIRADA KAMI\u015eLARI TERS \u00c7EV\u0130RMEN\u0130Z \u00d6NER\u0130L\u0130R. (25 CM)<\/p>\n","protected":false},"excerpt":{"rendered":"<p>759NPT000039 5&#8217;L\u0130 KISA KOKU KAMI\u015eI NATUREL ODA KOKULARINIZDA KULLANMANIZ \u0130\u00c7\u0130N 5&#8217;L\u0130 OLARAK MEVCUTTUR. \u00c7UBUKLARI KOKUNUN \u0130\u00c7\u0130NE KOYUNUZ, ZAMANLA KOKUYU EM\u0130P YAYILMASINI SA\u011eLAYACAK. ARADA SIRADA KAMI\u015eLARI TERS \u00c7EV\u0130RMEN\u0130Z \u00d6NER\u0130L\u0130R. (25 CM)<\/p>\n","protected":false},"featured_media":34974,"template":"","meta":[],"product_brand":[],"product_cat":[4407],"product_tag":[7506],"class_list":{"0":"post-34973","1":"product","2":"type-product","3":"status-publish","4":"has-post-thumbnail","6":"product_cat-759npt","7":"product_tag-759npt000039","9":"first","10":"instock","11":"taxable","12":"shipping-taxable","13":"product-type-simple"},"_links":{"self":[{"href":"https:\/\/kervanmagazacilik.com\/index.php\/wp-json\/wp\/v2\/product\/34973","targetHints":{"allow":["GET"]}}],"collection":[{"href":"https:\/\/kervanmagazacilik.com\/index.php\/wp-json\/wp\/v2\/product"}],"about":[{"href":"https:\/\/kervanmagazacilik.com\/index.php\/wp-json\/wp\/v2\/types\/product"}],"wp:featuredmedia":[{"embeddable":true,"href":"https:\/\/kervanmagazacilik.com\/index.php\/wp-json\/wp\/v2\/media\/34974"}],"wp:attachment":[{"href":"https:\/\/kervanmagazacilik.com\/index.php\/wp-json\/wp\/v2\/media?parent=34973"}],"wp:term":[{"taxonomy":"product_brand","embeddable":true,"href":"https:\/\/kervanmagazacilik.com\/index.php\/wp-json\/wp\/v2\/product_brand?post=34973"},{"taxonomy":"product_cat","embeddable":true,"href":"https:\/\/kervanmagazacilik.com\/index.php\/wp-json\/wp\/v2\/product_cat?post=34973"},{"taxonomy":"product_tag","embeddable":true,"href":"https:\/\/kervanmagazacilik.com\/index.php\/wp-json\/wp\/v2\/product_tag?post=34973"}],"curies":[{"name":"wp","href":"https:\/\/api.w.org\/{rel}","templated":true}]}}