{"id":34747,"date":"2026-01-16T10:07:00","date_gmt":"2026-01-16T07:07:00","guid":{"rendered":"https:\/\/kervanmagazacilik.com\/?post_type=product&#038;p=34747"},"modified":"2026-01-16T10:07:00","modified_gmt":"2026-01-16T07:07:00","slug":"142hsh001840","status":"publish","type":"product","link":"https:\/\/kervanmagazacilik.com\/index.php\/urun\/142hsh001840\/","title":{"rendered":"142HSH001840"},"content":{"rendered":"<p>142HSH001840<\/p>\n<p>L\u0130ASSO 30X50 HAVLU TA\u015e<\/p>\n<p>Havlu; %100 pamuk<br \/>\nAksesuar; %100 polyester<br \/>\n30 derece y\u0131kama<br \/>\nKurutma makinesinde kurutulamaz<br \/>\nD\u00fc\u015f\u00fck \u0131s\u0131da \u00fct\u00fclenmelidir<\/p>\n<p>ALT GRUP: BANYO TEKST\u0130L\u0130<\/p>\n","protected":false},"excerpt":{"rendered":"<p>142HSH001840 L\u0130ASSO 30X50 HAVLU TA\u015e Havlu; %100 pamuk Aksesuar; %100 polyester 30 derece y\u0131kama Kurutma makinesinde kurutulamaz D\u00fc\u015f\u00fck \u0131s\u0131da \u00fct\u00fclenmelidir ALT GRUP: BANYO TEKST\u0130L\u0130<\/p>\n","protected":false},"featured_media":34749,"template":"","meta":[],"product_brand":[],"product_cat":[6507],"product_tag":[7460],"class_list":{"0":"post-34747","1":"product","2":"type-product","3":"status-publish","4":"has-post-thumbnail","6":"product_cat-142hsh","7":"product_tag-142hsh001840","9":"first","10":"instock","11":"taxable","12":"shipping-taxable","13":"product-type-simple"},"_links":{"self":[{"href":"https:\/\/kervanmagazacilik.com\/index.php\/wp-json\/wp\/v2\/product\/34747","targetHints":{"allow":["GET"]}}],"collection":[{"href":"https:\/\/kervanmagazacilik.com\/index.php\/wp-json\/wp\/v2\/product"}],"about":[{"href":"https:\/\/kervanmagazacilik.com\/index.php\/wp-json\/wp\/v2\/types\/product"}],"wp:featuredmedia":[{"embeddable":true,"href":"https:\/\/kervanmagazacilik.com\/index.php\/wp-json\/wp\/v2\/media\/34749"}],"wp:attachment":[{"href":"https:\/\/kervanmagazacilik.com\/index.php\/wp-json\/wp\/v2\/media?parent=34747"}],"wp:term":[{"taxonomy":"product_brand","embeddable":true,"href":"https:\/\/kervanmagazacilik.com\/index.php\/wp-json\/wp\/v2\/product_brand?post=34747"},{"taxonomy":"product_cat","embeddable":true,"href":"https:\/\/kervanmagazacilik.com\/index.php\/wp-json\/wp\/v2\/product_cat?post=34747"},{"taxonomy":"product_tag","embeddable":true,"href":"https:\/\/kervanmagazacilik.com\/index.php\/wp-json\/wp\/v2\/product_tag?post=34747"}],"curies":[{"name":"wp","href":"https:\/\/api.w.org\/{rel}","templated":true}]}}