{"id":34743,"date":"2026-01-16T10:04:05","date_gmt":"2026-01-16T07:04:05","guid":{"rendered":"https:\/\/kervanmagazacilik.com\/?post_type=product&#038;p=34743"},"modified":"2026-01-16T10:04:06","modified_gmt":"2026-01-16T07:04:06","slug":"142hsh001861","status":"publish","type":"product","link":"https:\/\/kervanmagazacilik.com\/index.php\/urun\/142hsh001861\/","title":{"rendered":"142HSH001861"},"content":{"rendered":"<p>142HSH001861<\/p>\n<p>AN\u0130CA 50X90 HAVLU A.PEMBE<\/p>\n<p>Havlu; %100 pamuk<br \/>\nAksesuar; %100 polyester<br \/>\n30 derece y\u0131kama<br \/>\nKurutma makinesinde kurutulamaz<br \/>\nD\u00fc\u015f\u00fck \u0131s\u0131da \u00fct\u00fclenmelidir<\/p>\n<p>ALT GRUP: BANYO TEKST\u0130L\u0130<\/p>\n","protected":false},"excerpt":{"rendered":"<p>142HSH001861 AN\u0130CA 50X90 HAVLU A.PEMBE Havlu; %100 pamuk Aksesuar; %100 polyester 30 derece y\u0131kama Kurutma makinesinde kurutulamaz D\u00fc\u015f\u00fck \u0131s\u0131da \u00fct\u00fclenmelidir ALT GRUP: BANYO TEKST\u0130L\u0130<\/p>\n","protected":false},"featured_media":34745,"template":"","meta":[],"product_brand":[],"product_cat":[6507],"product_tag":[7459],"class_list":{"0":"post-34743","1":"product","2":"type-product","3":"status-publish","4":"has-post-thumbnail","6":"product_cat-142hsh","7":"product_tag-142hsh001861","9":"first","10":"instock","11":"taxable","12":"shipping-taxable","13":"product-type-simple"},"_links":{"self":[{"href":"https:\/\/kervanmagazacilik.com\/index.php\/wp-json\/wp\/v2\/product\/34743","targetHints":{"allow":["GET"]}}],"collection":[{"href":"https:\/\/kervanmagazacilik.com\/index.php\/wp-json\/wp\/v2\/product"}],"about":[{"href":"https:\/\/kervanmagazacilik.com\/index.php\/wp-json\/wp\/v2\/types\/product"}],"wp:featuredmedia":[{"embeddable":true,"href":"https:\/\/kervanmagazacilik.com\/index.php\/wp-json\/wp\/v2\/media\/34745"}],"wp:attachment":[{"href":"https:\/\/kervanmagazacilik.com\/index.php\/wp-json\/wp\/v2\/media?parent=34743"}],"wp:term":[{"taxonomy":"product_brand","embeddable":true,"href":"https:\/\/kervanmagazacilik.com\/index.php\/wp-json\/wp\/v2\/product_brand?post=34743"},{"taxonomy":"product_cat","embeddable":true,"href":"https:\/\/kervanmagazacilik.com\/index.php\/wp-json\/wp\/v2\/product_cat?post=34743"},{"taxonomy":"product_tag","embeddable":true,"href":"https:\/\/kervanmagazacilik.com\/index.php\/wp-json\/wp\/v2\/product_tag?post=34743"}],"curies":[{"name":"wp","href":"https:\/\/api.w.org\/{rel}","templated":true}]}}