{"id":347,"date":"2024-08-12T15:39:41","date_gmt":"2024-08-12T12:39:41","guid":{"rendered":"https:\/\/kervanmagazacilik.com\/?post_type=product&#038;p=347"},"modified":"2024-08-12T15:39:42","modified_gmt":"2024-08-12T12:39:42","slug":"611ac0000502","status":"publish","type":"product","link":"https:\/\/kervanmagazacilik.com\/index.php\/urun\/611ac0000502\/","title":{"rendered":"611AC0000502"},"content":{"rendered":"<p>611AC0000502<\/p>\n<p>PAR\u0130S CH\u0130C TEKL\u0130 KOLTUK KREM-KAHVE<\/p>\n<p>91x89x86cm 9003835-CRMNI-409<\/p>\n","protected":false},"excerpt":{"rendered":"<p>611AC0000502 PAR\u0130S CH\u0130C TEKL\u0130 KOLTUK KREM-KAHVE 91x89x86cm 9003835-CRMNI-409<\/p>\n","protected":false},"featured_media":348,"template":"","meta":[],"product_brand":[],"product_cat":[42],"product_tag":[64],"class_list":{"0":"post-347","1":"product","2":"type-product","3":"status-publish","4":"has-post-thumbnail","6":"product_cat-611ac","7":"product_tag-611ac0000502","9":"first","10":"instock","11":"taxable","12":"shipping-taxable","13":"product-type-simple"},"_links":{"self":[{"href":"https:\/\/kervanmagazacilik.com\/index.php\/wp-json\/wp\/v2\/product\/347","targetHints":{"allow":["GET"]}}],"collection":[{"href":"https:\/\/kervanmagazacilik.com\/index.php\/wp-json\/wp\/v2\/product"}],"about":[{"href":"https:\/\/kervanmagazacilik.com\/index.php\/wp-json\/wp\/v2\/types\/product"}],"wp:featuredmedia":[{"embeddable":true,"href":"https:\/\/kervanmagazacilik.com\/index.php\/wp-json\/wp\/v2\/media\/348"}],"wp:attachment":[{"href":"https:\/\/kervanmagazacilik.com\/index.php\/wp-json\/wp\/v2\/media?parent=347"}],"wp:term":[{"taxonomy":"product_brand","embeddable":true,"href":"https:\/\/kervanmagazacilik.com\/index.php\/wp-json\/wp\/v2\/product_brand?post=347"},{"taxonomy":"product_cat","embeddable":true,"href":"https:\/\/kervanmagazacilik.com\/index.php\/wp-json\/wp\/v2\/product_cat?post=347"},{"taxonomy":"product_tag","embeddable":true,"href":"https:\/\/kervanmagazacilik.com\/index.php\/wp-json\/wp\/v2\/product_tag?post=347"}],"curies":[{"name":"wp","href":"https:\/\/api.w.org\/{rel}","templated":true}]}}