{"id":34551,"date":"2026-01-15T10:01:44","date_gmt":"2026-01-15T07:01:44","guid":{"rendered":"https:\/\/kervanmagazacilik.com\/?post_type=product&#038;p=34551"},"modified":"2026-01-15T10:01:45","modified_gmt":"2026-01-15T07:01:45","slug":"241063027915","status":"publish","type":"product","link":"https:\/\/kervanmagazacilik.com\/index.php\/urun\/241063027915\/","title":{"rendered":"241063027915"},"content":{"rendered":"<p>241063027915<\/p>\n<p>GR\u0130NS 35X50 AMERIKAN SERVIS GOLD<\/p>\n<p>Kuma\u015f; %100 Polyester<br \/>\nAksesuar; %100 Polyester<br \/>\nSadece kuru temizleme yap\u0131lmal\u0131d\u0131r<\/p>\n<p>ALT GRUP: SALON TEKST\u0130L\u0130<\/p>\n","protected":false},"excerpt":{"rendered":"<p>241063027915 GR\u0130NS 35X50 AMERIKAN SERVIS GOLD Kuma\u015f; %100 Polyester Aksesuar; %100 Polyester Sadece kuru temizleme yap\u0131lmal\u0131d\u0131r ALT GRUP: SALON TEKST\u0130L\u0130<\/p>\n","protected":false},"featured_media":34552,"template":"","meta":[],"product_brand":[],"product_cat":[3250],"product_tag":[7420],"class_list":{"0":"post-34551","1":"product","2":"type-product","3":"status-publish","4":"has-post-thumbnail","6":"product_cat-3250","7":"product_tag-7420","9":"first","10":"instock","11":"taxable","12":"shipping-taxable","13":"product-type-simple"},"_links":{"self":[{"href":"https:\/\/kervanmagazacilik.com\/index.php\/wp-json\/wp\/v2\/product\/34551","targetHints":{"allow":["GET"]}}],"collection":[{"href":"https:\/\/kervanmagazacilik.com\/index.php\/wp-json\/wp\/v2\/product"}],"about":[{"href":"https:\/\/kervanmagazacilik.com\/index.php\/wp-json\/wp\/v2\/types\/product"}],"wp:featuredmedia":[{"embeddable":true,"href":"https:\/\/kervanmagazacilik.com\/index.php\/wp-json\/wp\/v2\/media\/34552"}],"wp:attachment":[{"href":"https:\/\/kervanmagazacilik.com\/index.php\/wp-json\/wp\/v2\/media?parent=34551"}],"wp:term":[{"taxonomy":"product_brand","embeddable":true,"href":"https:\/\/kervanmagazacilik.com\/index.php\/wp-json\/wp\/v2\/product_brand?post=34551"},{"taxonomy":"product_cat","embeddable":true,"href":"https:\/\/kervanmagazacilik.com\/index.php\/wp-json\/wp\/v2\/product_cat?post=34551"},{"taxonomy":"product_tag","embeddable":true,"href":"https:\/\/kervanmagazacilik.com\/index.php\/wp-json\/wp\/v2\/product_tag?post=34551"}],"curies":[{"name":"wp","href":"https:\/\/api.w.org\/{rel}","templated":true}]}}