{"id":34324,"date":"2026-01-13T09:15:01","date_gmt":"2026-01-13T06:15:01","guid":{"rendered":"https:\/\/kervanmagazacilik.com\/?post_type=product&#038;p=34324"},"modified":"2026-01-13T09:15:01","modified_gmt":"2026-01-13T06:15:01","slug":"241063027916","status":"publish","type":"product","link":"https:\/\/kervanmagazacilik.com\/index.php\/urun\/241063027916\/","title":{"rendered":"241063027916"},"content":{"rendered":"<p>241063027916<\/p>\n<p>DEN\u0130SS \u015eAL SET 85&#215;250 CM 7 PRC KAHVE-HARDAL<\/p>\n<p>A Kuma\u015f:%100 Polyester<br \/>\nB Kuma\u015f:%100 Polyester<br \/>\nC Kuma\u015f: %100 Pamuk<br \/>\nSadece kuru temizleme yap\u0131lmal\u0131d\u0131r<\/p>\n<p>ALT GRUP: YATAK ODASI TEKST\u0130L\u0130<\/p>\n<p>\u015eAL:85&#215;250 CM<br \/>\nKIRLENT:40X40(S\u00dcS YASTIK1 ADET)<br \/>\nYASTIK: 35&#215;60(2 ADET)<br \/>\nYASTIK: 60X60(3 ADET)<\/p>\n","protected":false},"excerpt":{"rendered":"<p>241063027916 DEN\u0130SS \u015eAL SET 85&#215;250 CM 7 PRC KAHVE-HARDAL A Kuma\u015f:%100 Polyester B Kuma\u015f:%100 Polyester C Kuma\u015f: %100 Pamuk Sadece kuru temizleme yap\u0131lmal\u0131d\u0131r ALT GRUP: YATAK ODASI TEKST\u0130L\u0130 \u015eAL:85&#215;250 CM KIRLENT:40X40(S\u00dcS YASTIK1 ADET) YASTIK: 35&#215;60(2 ADET) YASTIK: 60X60(3 ADET)<\/p>\n","protected":false},"featured_media":34333,"template":"","meta":[],"product_brand":[],"product_cat":[3250],"product_tag":[7383],"class_list":{"0":"post-34324","1":"product","2":"type-product","3":"status-publish","4":"has-post-thumbnail","6":"product_cat-3250","7":"product_tag-7383","9":"first","10":"instock","11":"taxable","12":"shipping-taxable","13":"product-type-simple"},"_links":{"self":[{"href":"https:\/\/kervanmagazacilik.com\/index.php\/wp-json\/wp\/v2\/product\/34324","targetHints":{"allow":["GET"]}}],"collection":[{"href":"https:\/\/kervanmagazacilik.com\/index.php\/wp-json\/wp\/v2\/product"}],"about":[{"href":"https:\/\/kervanmagazacilik.com\/index.php\/wp-json\/wp\/v2\/types\/product"}],"wp:featuredmedia":[{"embeddable":true,"href":"https:\/\/kervanmagazacilik.com\/index.php\/wp-json\/wp\/v2\/media\/34333"}],"wp:attachment":[{"href":"https:\/\/kervanmagazacilik.com\/index.php\/wp-json\/wp\/v2\/media?parent=34324"}],"wp:term":[{"taxonomy":"product_brand","embeddable":true,"href":"https:\/\/kervanmagazacilik.com\/index.php\/wp-json\/wp\/v2\/product_brand?post=34324"},{"taxonomy":"product_cat","embeddable":true,"href":"https:\/\/kervanmagazacilik.com\/index.php\/wp-json\/wp\/v2\/product_cat?post=34324"},{"taxonomy":"product_tag","embeddable":true,"href":"https:\/\/kervanmagazacilik.com\/index.php\/wp-json\/wp\/v2\/product_tag?post=34324"}],"curies":[{"name":"wp","href":"https:\/\/api.w.org\/{rel}","templated":true}]}}