{"id":34176,"date":"2026-01-12T15:11:18","date_gmt":"2026-01-12T12:11:18","guid":{"rendered":"https:\/\/kervanmagazacilik.com\/?post_type=product&#038;p=34176"},"modified":"2026-01-12T15:11:19","modified_gmt":"2026-01-12T12:11:19","slug":"759arp000348","status":"publish","type":"product","link":"https:\/\/kervanmagazacilik.com\/index.php\/urun\/759arp000348\/","title":{"rendered":"759ARP000348"},"content":{"rendered":"<p>759ARP000348<\/p>\n<p>LAV\u0130N VAZO K\u00dc\u00c7\u00dcK 16X19 CM KREM-GOLD<\/p>\n","protected":false},"excerpt":{"rendered":"<p>759ARP000348 LAV\u0130N VAZO K\u00dc\u00c7\u00dcK 16X19 CM KREM-GOLD<\/p>\n","protected":false},"featured_media":34177,"template":"","meta":[],"product_brand":[],"product_cat":[206],"product_tag":[7351],"class_list":{"0":"post-34176","1":"product","2":"type-product","3":"status-publish","4":"has-post-thumbnail","6":"product_cat-759arp","7":"product_tag-759arp000348","9":"first","10":"instock","11":"taxable","12":"shipping-taxable","13":"product-type-simple"},"_links":{"self":[{"href":"https:\/\/kervanmagazacilik.com\/index.php\/wp-json\/wp\/v2\/product\/34176","targetHints":{"allow":["GET"]}}],"collection":[{"href":"https:\/\/kervanmagazacilik.com\/index.php\/wp-json\/wp\/v2\/product"}],"about":[{"href":"https:\/\/kervanmagazacilik.com\/index.php\/wp-json\/wp\/v2\/types\/product"}],"wp:featuredmedia":[{"embeddable":true,"href":"https:\/\/kervanmagazacilik.com\/index.php\/wp-json\/wp\/v2\/media\/34177"}],"wp:attachment":[{"href":"https:\/\/kervanmagazacilik.com\/index.php\/wp-json\/wp\/v2\/media?parent=34176"}],"wp:term":[{"taxonomy":"product_brand","embeddable":true,"href":"https:\/\/kervanmagazacilik.com\/index.php\/wp-json\/wp\/v2\/product_brand?post=34176"},{"taxonomy":"product_cat","embeddable":true,"href":"https:\/\/kervanmagazacilik.com\/index.php\/wp-json\/wp\/v2\/product_cat?post=34176"},{"taxonomy":"product_tag","embeddable":true,"href":"https:\/\/kervanmagazacilik.com\/index.php\/wp-json\/wp\/v2\/product_tag?post=34176"}],"curies":[{"name":"wp","href":"https:\/\/api.w.org\/{rel}","templated":true}]}}