{"id":34140,"date":"2026-01-12T14:31:10","date_gmt":"2026-01-12T11:31:10","guid":{"rendered":"https:\/\/kervanmagazacilik.com\/?post_type=product&#038;p=34140"},"modified":"2026-01-12T14:31:10","modified_gmt":"2026-01-12T11:31:10","slug":"002hsh002402-2","status":"publish","type":"product","link":"https:\/\/kervanmagazacilik.com\/index.php\/urun\/002hsh002402-2\/","title":{"rendered":"002HSH002402"},"content":{"rendered":"<p>002HSH002402<\/p>\n<p>L\u0130ZBON NEVRES\u0130M TAKIMI 200X220 CK 6 PRC HARDAL<\/p>\n<p>Kuma\u015f, %100 pamuk<br \/>\n30 derece narin y\u0131kama<br \/>\n\u00c7ama\u015f\u0131r suyu konamaz<br \/>\nKurutma makinesinde kurutulamaz<br \/>\nD\u00fc\u015f\u00fck \u0131s\u0131da \u00fct\u00fclenmelidir<\/p>\n<p>ALT GRUP: YATAK ODASI TEKST\u0130L\u0130<\/p>\n<p>NEVRES\u0130M: 200X220 CM<br \/>\n\u00c7AR\u015eAF: 240X260<br \/>\nOXFORD YASTIK: 50X70 CM (2 ADET)<br \/>\nUYKU YASTI\u011eI: 50X70 CM (2 ADET)<br \/>\n\u00fcr\u00fcnler y\u0131kanmam\u0131\u015f olup y\u0131kad\u0131ktan sonra arka pamuk saten kuma\u015fta % 10 a yak\u0131n \u00e7ekme olacakt\u0131r.<\/p>\n","protected":false},"excerpt":{"rendered":"<p>002HSH002402 L\u0130ZBON NEVRES\u0130M TAKIMI 200X220 CK 6 PRC HARDAL Kuma\u015f, %100 pamuk 30 derece narin y\u0131kama \u00c7ama\u015f\u0131r suyu konamaz Kurutma makinesinde kurutulamaz D\u00fc\u015f\u00fck \u0131s\u0131da \u00fct\u00fclenmelidir ALT GRUP: YATAK ODASI TEKST\u0130L\u0130 NEVRES\u0130M: 200X220 CM \u00c7AR\u015eAF: 240X260 OXFORD YASTIK: 50X70 CM (2 ADET) UYKU YASTI\u011eI: 50X70 CM (2 ADET) \u00fcr\u00fcnler y\u0131kanmam\u0131\u015f olup y\u0131kad\u0131ktan sonra arka pamuk saten [&hellip;]<\/p>\n","protected":false},"featured_media":34142,"template":"","meta":[],"product_brand":[],"product_cat":[2085],"product_tag":[7345],"class_list":{"0":"post-34140","1":"product","2":"type-product","3":"status-publish","4":"has-post-thumbnail","6":"product_cat-002hsh","7":"product_tag-002hsh002402","9":"first","10":"instock","11":"taxable","12":"shipping-taxable","13":"product-type-simple"},"_links":{"self":[{"href":"https:\/\/kervanmagazacilik.com\/index.php\/wp-json\/wp\/v2\/product\/34140","targetHints":{"allow":["GET"]}}],"collection":[{"href":"https:\/\/kervanmagazacilik.com\/index.php\/wp-json\/wp\/v2\/product"}],"about":[{"href":"https:\/\/kervanmagazacilik.com\/index.php\/wp-json\/wp\/v2\/types\/product"}],"wp:featuredmedia":[{"embeddable":true,"href":"https:\/\/kervanmagazacilik.com\/index.php\/wp-json\/wp\/v2\/media\/34142"}],"wp:attachment":[{"href":"https:\/\/kervanmagazacilik.com\/index.php\/wp-json\/wp\/v2\/media?parent=34140"}],"wp:term":[{"taxonomy":"product_brand","embeddable":true,"href":"https:\/\/kervanmagazacilik.com\/index.php\/wp-json\/wp\/v2\/product_brand?post=34140"},{"taxonomy":"product_cat","embeddable":true,"href":"https:\/\/kervanmagazacilik.com\/index.php\/wp-json\/wp\/v2\/product_cat?post=34140"},{"taxonomy":"product_tag","embeddable":true,"href":"https:\/\/kervanmagazacilik.com\/index.php\/wp-json\/wp\/v2\/product_tag?post=34140"}],"curies":[{"name":"wp","href":"https:\/\/api.w.org\/{rel}","templated":true}]}}