{"id":33950,"date":"2025-12-26T14:10:56","date_gmt":"2025-12-26T11:10:56","guid":{"rendered":"https:\/\/kervanmagazacilik.com\/?post_type=product&#038;p=33950"},"modified":"2025-12-26T14:10:56","modified_gmt":"2025-12-26T11:10:56","slug":"759npt000030","status":"publish","type":"product","link":"https:\/\/kervanmagazacilik.com\/index.php\/urun\/759npt000030\/","title":{"rendered":"759NPT000030"},"content":{"rendered":"<p>759NPT000030<\/p>\n<p>VAN\u0130LYA SANDAL 500 CC YEDEK KOKU SOL\u00dcSYONU<\/p>\n<p>Plastik \u015feffaf \u015fi\u015fedir. Kapa\u011f\u0131n\u0131 a\u00e7\u0131p, oda kokusu \u015fi\u015fenizin i\u00e7ine bo\u015falt\u0131n\u0131z. Daha \u00f6nceden kullanm\u0131\u015f oldu\u011funuz oda kokusu \u015fi\u015fesinin veya vazo, cam benzeri \u00fcr\u00fcnlerin diff\u00fcser olarak kullan\u0131lmas\u0131n\u0131 sa\u011flamak amac\u0131yla d\u00fc\u015f\u00fcn\u00fclm\u00fc\u015ft\u00fcr. Bu yedek esans\u0131 kulland\u0131\u011f\u0131n\u0131zda, daha \u00f6nce kullanm\u0131\u015f oldu\u011funuz bambu kam\u0131\u015f veya yedek ta\u015flar\u0131n yenilenmesini \u00f6neririz.<\/p>\n","protected":false},"excerpt":{"rendered":"<p>759NPT000030 VAN\u0130LYA SANDAL 500 CC YEDEK KOKU SOL\u00dcSYONU Plastik \u015feffaf \u015fi\u015fedir. Kapa\u011f\u0131n\u0131 a\u00e7\u0131p, oda kokusu \u015fi\u015fenizin i\u00e7ine bo\u015falt\u0131n\u0131z. Daha \u00f6nceden kullanm\u0131\u015f oldu\u011funuz oda kokusu \u015fi\u015fesinin veya vazo, cam benzeri \u00fcr\u00fcnlerin diff\u00fcser olarak kullan\u0131lmas\u0131n\u0131 sa\u011flamak amac\u0131yla d\u00fc\u015f\u00fcn\u00fclm\u00fc\u015ft\u00fcr. Bu yedek esans\u0131 kulland\u0131\u011f\u0131n\u0131zda, daha \u00f6nce kullanm\u0131\u015f oldu\u011funuz bambu kam\u0131\u015f veya yedek ta\u015flar\u0131n yenilenmesini \u00f6neririz.<\/p>\n","protected":false},"featured_media":33951,"template":"","meta":[],"product_brand":[],"product_cat":[4407],"product_tag":[7313],"class_list":{"0":"post-33950","1":"product","2":"type-product","3":"status-publish","4":"has-post-thumbnail","6":"product_cat-759npt","7":"product_tag-759npt000030","9":"first","10":"instock","11":"taxable","12":"shipping-taxable","13":"product-type-simple"},"_links":{"self":[{"href":"https:\/\/kervanmagazacilik.com\/index.php\/wp-json\/wp\/v2\/product\/33950","targetHints":{"allow":["GET"]}}],"collection":[{"href":"https:\/\/kervanmagazacilik.com\/index.php\/wp-json\/wp\/v2\/product"}],"about":[{"href":"https:\/\/kervanmagazacilik.com\/index.php\/wp-json\/wp\/v2\/types\/product"}],"wp:featuredmedia":[{"embeddable":true,"href":"https:\/\/kervanmagazacilik.com\/index.php\/wp-json\/wp\/v2\/media\/33951"}],"wp:attachment":[{"href":"https:\/\/kervanmagazacilik.com\/index.php\/wp-json\/wp\/v2\/media?parent=33950"}],"wp:term":[{"taxonomy":"product_brand","embeddable":true,"href":"https:\/\/kervanmagazacilik.com\/index.php\/wp-json\/wp\/v2\/product_brand?post=33950"},{"taxonomy":"product_cat","embeddable":true,"href":"https:\/\/kervanmagazacilik.com\/index.php\/wp-json\/wp\/v2\/product_cat?post=33950"},{"taxonomy":"product_tag","embeddable":true,"href":"https:\/\/kervanmagazacilik.com\/index.php\/wp-json\/wp\/v2\/product_tag?post=33950"}],"curies":[{"name":"wp","href":"https:\/\/api.w.org\/{rel}","templated":true}]}}