{"id":33932,"date":"2025-12-25T10:11:15","date_gmt":"2025-12-25T07:11:15","guid":{"rendered":"https:\/\/kervanmagazacilik.com\/?post_type=product&#038;p=33932"},"modified":"2025-12-25T10:11:16","modified_gmt":"2025-12-25T07:11:16","slug":"611artf00533","status":"publish","type":"product","link":"https:\/\/kervanmagazacilik.com\/index.php\/urun\/611artf00533\/","title":{"rendered":"611ARTF00533"},"content":{"rendered":"<p>611ARTF00533<\/p>\n<p>REV\u0130VAL YATAK+2 KOMOD\u0130N 235x224x168cm 328126-1730-328140-1730<\/p>\n<p>\u0130\u00e7 Yatak \u00d6l\u00e7\u00fcs\u00fc : 193x203cm<\/p>\n<p>Masif kau\u00e7uk a\u011fac\u0131 ve maun kaplama<\/p>\n<p>KOMOD\u0130N :50x77x81cm<\/p>\n","protected":false},"excerpt":{"rendered":"<p>611ARTF00533 REV\u0130VAL YATAK+2 KOMOD\u0130N 235x224x168cm 328126-1730-328140-1730 \u0130\u00e7 Yatak \u00d6l\u00e7\u00fcs\u00fc : 193x203cm Masif kau\u00e7uk a\u011fac\u0131 ve maun kaplama KOMOD\u0130N :50x77x81cm<\/p>\n","protected":false},"featured_media":33933,"template":"","meta":[],"product_brand":[],"product_cat":[41],"product_tag":[7310],"class_list":{"0":"post-33932","1":"product","2":"type-product","3":"status-publish","4":"has-post-thumbnail","6":"product_cat-611artf","7":"product_tag-611artf00533","9":"first","10":"instock","11":"taxable","12":"shipping-taxable","13":"product-type-simple"},"_links":{"self":[{"href":"https:\/\/kervanmagazacilik.com\/index.php\/wp-json\/wp\/v2\/product\/33932","targetHints":{"allow":["GET"]}}],"collection":[{"href":"https:\/\/kervanmagazacilik.com\/index.php\/wp-json\/wp\/v2\/product"}],"about":[{"href":"https:\/\/kervanmagazacilik.com\/index.php\/wp-json\/wp\/v2\/types\/product"}],"wp:featuredmedia":[{"embeddable":true,"href":"https:\/\/kervanmagazacilik.com\/index.php\/wp-json\/wp\/v2\/media\/33933"}],"wp:attachment":[{"href":"https:\/\/kervanmagazacilik.com\/index.php\/wp-json\/wp\/v2\/media?parent=33932"}],"wp:term":[{"taxonomy":"product_brand","embeddable":true,"href":"https:\/\/kervanmagazacilik.com\/index.php\/wp-json\/wp\/v2\/product_brand?post=33932"},{"taxonomy":"product_cat","embeddable":true,"href":"https:\/\/kervanmagazacilik.com\/index.php\/wp-json\/wp\/v2\/product_cat?post=33932"},{"taxonomy":"product_tag","embeddable":true,"href":"https:\/\/kervanmagazacilik.com\/index.php\/wp-json\/wp\/v2\/product_tag?post=33932"}],"curies":[{"name":"wp","href":"https:\/\/api.w.org\/{rel}","templated":true}]}}