{"id":33666,"date":"2025-12-18T14:03:12","date_gmt":"2025-12-18T11:03:12","guid":{"rendered":"https:\/\/kervanmagazacilik.com\/?post_type=product&#038;p=33666"},"modified":"2025-12-18T14:03:13","modified_gmt":"2025-12-18T11:03:13","slug":"759jp0000016","status":"publish","type":"product","link":"https:\/\/kervanmagazacilik.com\/index.php\/urun\/759jp0000016\/","title":{"rendered":"759JP0000016"},"content":{"rendered":"<p>759JP0000016<\/p>\n<p>DEKORAT\u0130F OBJE TURUNCU D9 * H18,5 CM ( JP25C166-3 )<\/p>\n<p>ANA MALZEME CAM<\/p>\n<p>\u00dcR\u00dcN LED I\u015eIKLIDIR.<\/p>\n","protected":false},"excerpt":{"rendered":"<p>759JP0000016 DEKORAT\u0130F OBJE TURUNCU D9 * H18,5 CM ( JP25C166-3 ) ANA MALZEME CAM \u00dcR\u00dcN LED I\u015eIKLIDIR.<\/p>\n","protected":false},"featured_media":33669,"template":"","meta":[],"product_brand":[],"product_cat":[7230],"product_tag":[7275],"class_list":{"0":"post-33666","1":"product","2":"type-product","3":"status-publish","4":"has-post-thumbnail","6":"product_cat-759jp","7":"product_tag-759jp0000016","9":"first","10":"instock","11":"taxable","12":"shipping-taxable","13":"product-type-simple"},"_links":{"self":[{"href":"https:\/\/kervanmagazacilik.com\/index.php\/wp-json\/wp\/v2\/product\/33666","targetHints":{"allow":["GET"]}}],"collection":[{"href":"https:\/\/kervanmagazacilik.com\/index.php\/wp-json\/wp\/v2\/product"}],"about":[{"href":"https:\/\/kervanmagazacilik.com\/index.php\/wp-json\/wp\/v2\/types\/product"}],"wp:featuredmedia":[{"embeddable":true,"href":"https:\/\/kervanmagazacilik.com\/index.php\/wp-json\/wp\/v2\/media\/33669"}],"wp:attachment":[{"href":"https:\/\/kervanmagazacilik.com\/index.php\/wp-json\/wp\/v2\/media?parent=33666"}],"wp:term":[{"taxonomy":"product_brand","embeddable":true,"href":"https:\/\/kervanmagazacilik.com\/index.php\/wp-json\/wp\/v2\/product_brand?post=33666"},{"taxonomy":"product_cat","embeddable":true,"href":"https:\/\/kervanmagazacilik.com\/index.php\/wp-json\/wp\/v2\/product_cat?post=33666"},{"taxonomy":"product_tag","embeddable":true,"href":"https:\/\/kervanmagazacilik.com\/index.php\/wp-json\/wp\/v2\/product_tag?post=33666"}],"curies":[{"name":"wp","href":"https:\/\/api.w.org\/{rel}","templated":true}]}}