{"id":33642,"date":"2025-12-18T13:31:54","date_gmt":"2025-12-18T10:31:54","guid":{"rendered":"https:\/\/kervanmagazacilik.com\/?post_type=product&#038;p=33642"},"modified":"2025-12-18T13:31:55","modified_gmt":"2025-12-18T10:31:55","slug":"759jp0000012","status":"publish","type":"product","link":"https:\/\/kervanmagazacilik.com\/index.php\/urun\/759jp0000012\/","title":{"rendered":"759JP0000012"},"content":{"rendered":"<p>759JP0000012<\/p>\n<p>DEKORAT\u0130F A\u011eA\u00c7 KIRMIZI D9 * H40 CM ( JP25F004-1R )<\/p>\n<p>ANA MALZEME CAM<\/p>\n<p>\u00dcR\u00dcN LED I\u015eIKLIDIR.<\/p>\n<p>360 DERECE D\u00d6NEN APARATLI B\u0130R \u00dcR\u00dcND\u00dcR.<\/p>\n","protected":false},"excerpt":{"rendered":"<p>759JP0000012 DEKORAT\u0130F A\u011eA\u00c7 KIRMIZI D9 * H40 CM ( JP25F004-1R ) ANA MALZEME CAM \u00dcR\u00dcN LED I\u015eIKLIDIR. 360 DERECE D\u00d6NEN APARATLI B\u0130R \u00dcR\u00dcND\u00dcR.<\/p>\n","protected":false},"featured_media":33650,"template":"","meta":[],"product_brand":[],"product_cat":[7230],"product_tag":[7271],"class_list":{"0":"post-33642","1":"product","2":"type-product","3":"status-publish","4":"has-post-thumbnail","6":"product_cat-759jp","7":"product_tag-759jp0000012","9":"first","10":"instock","11":"taxable","12":"shipping-taxable","13":"product-type-simple"},"_links":{"self":[{"href":"https:\/\/kervanmagazacilik.com\/index.php\/wp-json\/wp\/v2\/product\/33642","targetHints":{"allow":["GET"]}}],"collection":[{"href":"https:\/\/kervanmagazacilik.com\/index.php\/wp-json\/wp\/v2\/product"}],"about":[{"href":"https:\/\/kervanmagazacilik.com\/index.php\/wp-json\/wp\/v2\/types\/product"}],"wp:featuredmedia":[{"embeddable":true,"href":"https:\/\/kervanmagazacilik.com\/index.php\/wp-json\/wp\/v2\/media\/33650"}],"wp:attachment":[{"href":"https:\/\/kervanmagazacilik.com\/index.php\/wp-json\/wp\/v2\/media?parent=33642"}],"wp:term":[{"taxonomy":"product_brand","embeddable":true,"href":"https:\/\/kervanmagazacilik.com\/index.php\/wp-json\/wp\/v2\/product_brand?post=33642"},{"taxonomy":"product_cat","embeddable":true,"href":"https:\/\/kervanmagazacilik.com\/index.php\/wp-json\/wp\/v2\/product_cat?post=33642"},{"taxonomy":"product_tag","embeddable":true,"href":"https:\/\/kervanmagazacilik.com\/index.php\/wp-json\/wp\/v2\/product_tag?post=33642"}],"curies":[{"name":"wp","href":"https:\/\/api.w.org\/{rel}","templated":true}]}}