{"id":33584,"date":"2025-12-18T09:33:17","date_gmt":"2025-12-18T06:33:17","guid":{"rendered":"https:\/\/kervanmagazacilik.com\/?post_type=product&#038;p=33584"},"modified":"2025-12-18T09:33:20","modified_gmt":"2025-12-18T06:33:20","slug":"759jp0000001","status":"publish","type":"product","link":"https:\/\/kervanmagazacilik.com\/index.php\/urun\/759jp0000001\/","title":{"rendered":"759JP0000001"},"content":{"rendered":"<p>759JP0000001<\/p>\n<p>DEKORAT\u0130F K\u00dcRE ALTIN D12*H11 CM ( JP25C041-2 )<\/p>\n<p>ANA MALZEME CAM<br \/>\n\u00dcR\u00dcN LED I\u015eIKLIDIR.<\/p>\n","protected":false},"excerpt":{"rendered":"<p>759JP0000001 DEKORAT\u0130F K\u00dcRE ALTIN D12*H11 CM ( JP25C041-2 ) ANA MALZEME CAM \u00dcR\u00dcN LED I\u015eIKLIDIR.<\/p>\n","protected":false},"featured_media":33586,"template":"","meta":[],"product_brand":[],"product_cat":[7230],"product_tag":[7262],"class_list":{"0":"post-33584","1":"product","2":"type-product","3":"status-publish","4":"has-post-thumbnail","6":"product_cat-759jp","7":"product_tag-759jp0000001","9":"first","10":"instock","11":"taxable","12":"shipping-taxable","13":"product-type-simple"},"_links":{"self":[{"href":"https:\/\/kervanmagazacilik.com\/index.php\/wp-json\/wp\/v2\/product\/33584","targetHints":{"allow":["GET"]}}],"collection":[{"href":"https:\/\/kervanmagazacilik.com\/index.php\/wp-json\/wp\/v2\/product"}],"about":[{"href":"https:\/\/kervanmagazacilik.com\/index.php\/wp-json\/wp\/v2\/types\/product"}],"wp:featuredmedia":[{"embeddable":true,"href":"https:\/\/kervanmagazacilik.com\/index.php\/wp-json\/wp\/v2\/media\/33586"}],"wp:attachment":[{"href":"https:\/\/kervanmagazacilik.com\/index.php\/wp-json\/wp\/v2\/media?parent=33584"}],"wp:term":[{"taxonomy":"product_brand","embeddable":true,"href":"https:\/\/kervanmagazacilik.com\/index.php\/wp-json\/wp\/v2\/product_brand?post=33584"},{"taxonomy":"product_cat","embeddable":true,"href":"https:\/\/kervanmagazacilik.com\/index.php\/wp-json\/wp\/v2\/product_cat?post=33584"},{"taxonomy":"product_tag","embeddable":true,"href":"https:\/\/kervanmagazacilik.com\/index.php\/wp-json\/wp\/v2\/product_tag?post=33584"}],"curies":[{"name":"wp","href":"https:\/\/api.w.org\/{rel}","templated":true}]}}