{"id":33582,"date":"2025-12-18T09:24:49","date_gmt":"2025-12-18T06:24:49","guid":{"rendered":"https:\/\/kervanmagazacilik.com\/?post_type=product&#038;p=33582"},"modified":"2025-12-18T09:24:49","modified_gmt":"2025-12-18T06:24:49","slug":"900jia000033","status":"publish","type":"product","link":"https:\/\/kervanmagazacilik.com\/index.php\/urun\/900jia000033\/","title":{"rendered":"900JIA000033"},"content":{"rendered":"<p>900JIA000033<\/p>\n<p>HA5SJHY231016MG10 YAPAY G\u00dcL \u00c7\u0130\u00c7E\u011e\u0130 PEMBE 35 CM<\/p>\n","protected":false},"excerpt":{"rendered":"<p>900JIA000033 HA5SJHY231016MG10 YAPAY G\u00dcL \u00c7\u0130\u00c7E\u011e\u0130 PEMBE 35 CM<\/p>\n","protected":false},"featured_media":33583,"template":"","meta":[],"product_brand":[],"product_cat":[285],"product_tag":[7261],"class_list":{"0":"post-33582","1":"product","2":"type-product","3":"status-publish","4":"has-post-thumbnail","6":"product_cat-900jia","7":"product_tag-900jia000033","9":"first","10":"instock","11":"taxable","12":"shipping-taxable","13":"product-type-simple"},"_links":{"self":[{"href":"https:\/\/kervanmagazacilik.com\/index.php\/wp-json\/wp\/v2\/product\/33582","targetHints":{"allow":["GET"]}}],"collection":[{"href":"https:\/\/kervanmagazacilik.com\/index.php\/wp-json\/wp\/v2\/product"}],"about":[{"href":"https:\/\/kervanmagazacilik.com\/index.php\/wp-json\/wp\/v2\/types\/product"}],"wp:featuredmedia":[{"embeddable":true,"href":"https:\/\/kervanmagazacilik.com\/index.php\/wp-json\/wp\/v2\/media\/33583"}],"wp:attachment":[{"href":"https:\/\/kervanmagazacilik.com\/index.php\/wp-json\/wp\/v2\/media?parent=33582"}],"wp:term":[{"taxonomy":"product_brand","embeddable":true,"href":"https:\/\/kervanmagazacilik.com\/index.php\/wp-json\/wp\/v2\/product_brand?post=33582"},{"taxonomy":"product_cat","embeddable":true,"href":"https:\/\/kervanmagazacilik.com\/index.php\/wp-json\/wp\/v2\/product_cat?post=33582"},{"taxonomy":"product_tag","embeddable":true,"href":"https:\/\/kervanmagazacilik.com\/index.php\/wp-json\/wp\/v2\/product_tag?post=33582"}],"curies":[{"name":"wp","href":"https:\/\/api.w.org\/{rel}","templated":true}]}}