{"id":33569,"date":"2025-12-18T09:14:23","date_gmt":"2025-12-18T06:14:23","guid":{"rendered":"https:\/\/kervanmagazacilik.com\/?post_type=product&#038;p=33569"},"modified":"2025-12-23T17:06:04","modified_gmt":"2025-12-23T14:06:04","slug":"900tng00050a","status":"publish","type":"product","link":"https:\/\/kervanmagazacilik.com\/index.php\/urun\/900tng00050a\/","title":{"rendered":"900TNG00050A"},"content":{"rendered":"<p>900TNG00050A<\/p>\n<p>SELV\u0130 YAPAY A\u011eA\u00c7 200 CM (TH106028) &#8211; (759TUF000097)<\/p>\n","protected":false},"excerpt":{"rendered":"<p>900TNG00050A SELV\u0130 YAPAY A\u011eA\u00c7 200 CM (TH106028) &#8211; (759TUF000097)<\/p>\n","protected":false},"featured_media":33573,"template":"","meta":[],"product_brand":[],"product_cat":[6103],"product_tag":[7258],"class_list":{"0":"post-33569","1":"product","2":"type-product","3":"status-publish","4":"has-post-thumbnail","6":"product_cat-900tng","7":"product_tag-900tng00050a","9":"first","10":"instock","11":"taxable","12":"shipping-taxable","13":"product-type-simple"},"_links":{"self":[{"href":"https:\/\/kervanmagazacilik.com\/index.php\/wp-json\/wp\/v2\/product\/33569","targetHints":{"allow":["GET"]}}],"collection":[{"href":"https:\/\/kervanmagazacilik.com\/index.php\/wp-json\/wp\/v2\/product"}],"about":[{"href":"https:\/\/kervanmagazacilik.com\/index.php\/wp-json\/wp\/v2\/types\/product"}],"wp:featuredmedia":[{"embeddable":true,"href":"https:\/\/kervanmagazacilik.com\/index.php\/wp-json\/wp\/v2\/media\/33573"}],"wp:attachment":[{"href":"https:\/\/kervanmagazacilik.com\/index.php\/wp-json\/wp\/v2\/media?parent=33569"}],"wp:term":[{"taxonomy":"product_brand","embeddable":true,"href":"https:\/\/kervanmagazacilik.com\/index.php\/wp-json\/wp\/v2\/product_brand?post=33569"},{"taxonomy":"product_cat","embeddable":true,"href":"https:\/\/kervanmagazacilik.com\/index.php\/wp-json\/wp\/v2\/product_cat?post=33569"},{"taxonomy":"product_tag","embeddable":true,"href":"https:\/\/kervanmagazacilik.com\/index.php\/wp-json\/wp\/v2\/product_tag?post=33569"}],"curies":[{"name":"wp","href":"https:\/\/api.w.org\/{rel}","templated":true}]}}