{"id":33558,"date":"2025-12-18T09:12:56","date_gmt":"2025-12-18T06:12:56","guid":{"rendered":"https:\/\/kervanmagazacilik.com\/?post_type=product&#038;p=33558"},"modified":"2025-12-23T17:05:51","modified_gmt":"2025-12-23T14:05:51","slug":"900tng00048a","status":"publish","type":"product","link":"https:\/\/kervanmagazacilik.com\/index.php\/urun\/900tng00048a\/","title":{"rendered":"900TNG00048A"},"content":{"rendered":"<p>900TNG00048A<\/p>\n<p>TH085001-A YE\u015e\u0130L MONSTERA YAPAY A\u011eA\u00c7 85 CM &#8211; (759TUF000047)<\/p>\n","protected":false},"excerpt":{"rendered":"<p>900TNG00048A TH085001-A YE\u015e\u0130L MONSTERA YAPAY A\u011eA\u00c7 85 CM &#8211; (759TUF000047)<\/p>\n","protected":false},"featured_media":33570,"template":"","meta":[],"product_brand":[],"product_cat":[6103],"product_tag":[7257],"class_list":{"0":"post-33558","1":"product","2":"type-product","3":"status-publish","4":"has-post-thumbnail","6":"product_cat-900tng","7":"product_tag-900tng00048a","9":"first","10":"instock","11":"taxable","12":"shipping-taxable","13":"product-type-simple"},"_links":{"self":[{"href":"https:\/\/kervanmagazacilik.com\/index.php\/wp-json\/wp\/v2\/product\/33558","targetHints":{"allow":["GET"]}}],"collection":[{"href":"https:\/\/kervanmagazacilik.com\/index.php\/wp-json\/wp\/v2\/product"}],"about":[{"href":"https:\/\/kervanmagazacilik.com\/index.php\/wp-json\/wp\/v2\/types\/product"}],"wp:featuredmedia":[{"embeddable":true,"href":"https:\/\/kervanmagazacilik.com\/index.php\/wp-json\/wp\/v2\/media\/33570"}],"wp:attachment":[{"href":"https:\/\/kervanmagazacilik.com\/index.php\/wp-json\/wp\/v2\/media?parent=33558"}],"wp:term":[{"taxonomy":"product_brand","embeddable":true,"href":"https:\/\/kervanmagazacilik.com\/index.php\/wp-json\/wp\/v2\/product_brand?post=33558"},{"taxonomy":"product_cat","embeddable":true,"href":"https:\/\/kervanmagazacilik.com\/index.php\/wp-json\/wp\/v2\/product_cat?post=33558"},{"taxonomy":"product_tag","embeddable":true,"href":"https:\/\/kervanmagazacilik.com\/index.php\/wp-json\/wp\/v2\/product_tag?post=33558"}],"curies":[{"name":"wp","href":"https:\/\/api.w.org\/{rel}","templated":true}]}}