{"id":33509,"date":"2025-12-17T17:34:10","date_gmt":"2025-12-17T14:34:10","guid":{"rendered":"https:\/\/kervanmagazacilik.com\/?post_type=product&#038;p=33509"},"modified":"2025-12-17T17:34:10","modified_gmt":"2025-12-17T14:34:10","slug":"042rys000043","status":"publish","type":"product","link":"https:\/\/kervanmagazacilik.com\/index.php\/urun\/042rys000043\/","title":{"rendered":"042RYS000043"},"content":{"rendered":"<p>042RYS000043<\/p>\n<p>LASSO P\u0130KE-YATAK \u00d6RT\u00dcS\u00dc 240&#215;250 3 PRC KAHVE<\/p>\n","protected":false},"excerpt":{"rendered":"<p>042RYS000043 LASSO P\u0130KE-YATAK \u00d6RT\u00dcS\u00dc 240&#215;250 3 PRC KAHVE<\/p>\n","protected":false},"featured_media":33515,"template":"","meta":[],"product_brand":[],"product_cat":[7185],"product_tag":[7249],"class_list":{"0":"post-33509","1":"product","2":"type-product","3":"status-publish","4":"has-post-thumbnail","6":"product_cat-042rsy","7":"product_tag-042rys000043","9":"first","10":"instock","11":"taxable","12":"shipping-taxable","13":"product-type-simple"},"_links":{"self":[{"href":"https:\/\/kervanmagazacilik.com\/index.php\/wp-json\/wp\/v2\/product\/33509","targetHints":{"allow":["GET"]}}],"collection":[{"href":"https:\/\/kervanmagazacilik.com\/index.php\/wp-json\/wp\/v2\/product"}],"about":[{"href":"https:\/\/kervanmagazacilik.com\/index.php\/wp-json\/wp\/v2\/types\/product"}],"wp:featuredmedia":[{"embeddable":true,"href":"https:\/\/kervanmagazacilik.com\/index.php\/wp-json\/wp\/v2\/media\/33515"}],"wp:attachment":[{"href":"https:\/\/kervanmagazacilik.com\/index.php\/wp-json\/wp\/v2\/media?parent=33509"}],"wp:term":[{"taxonomy":"product_brand","embeddable":true,"href":"https:\/\/kervanmagazacilik.com\/index.php\/wp-json\/wp\/v2\/product_brand?post=33509"},{"taxonomy":"product_cat","embeddable":true,"href":"https:\/\/kervanmagazacilik.com\/index.php\/wp-json\/wp\/v2\/product_cat?post=33509"},{"taxonomy":"product_tag","embeddable":true,"href":"https:\/\/kervanmagazacilik.com\/index.php\/wp-json\/wp\/v2\/product_tag?post=33509"}],"curies":[{"name":"wp","href":"https:\/\/api.w.org\/{rel}","templated":true}]}}