{"id":33507,"date":"2025-12-17T17:22:12","date_gmt":"2025-12-17T14:22:12","guid":{"rendered":"https:\/\/kervanmagazacilik.com\/?post_type=product&#038;p=33507"},"modified":"2025-12-17T17:22:12","modified_gmt":"2025-12-17T14:22:12","slug":"042rys000042","status":"publish","type":"product","link":"https:\/\/kervanmagazacilik.com\/index.php\/urun\/042rys000042\/","title":{"rendered":"042RYS000042"},"content":{"rendered":"<p>042RYS000042<\/p>\n<p>LASSO P\u0130KE-YATAK \u00d6RT\u00dcS\u00dc 240&#215;250 3 PRC LAC\u0130VERT<\/p>\n<p>30 derece narin y\u0131kama \u00c7ama\u015f\u0131r suyu konmaz Kurutma makinesinde kurutulamaz D\u00fc\u015f\u00fck \u0131s\u0131da \u00fct\u00fclenmelidir<\/p>\n","protected":false},"excerpt":{"rendered":"<p>042RYS000042 LASSO P\u0130KE-YATAK \u00d6RT\u00dcS\u00dc 240&#215;250 3 PRC LAC\u0130VERT 30 derece narin y\u0131kama \u00c7ama\u015f\u0131r suyu konmaz Kurutma makinesinde kurutulamaz D\u00fc\u015f\u00fck \u0131s\u0131da \u00fct\u00fclenmelidir<\/p>\n","protected":false},"featured_media":33510,"template":"","meta":[],"product_brand":[],"product_cat":[7185],"product_tag":[7247],"class_list":{"0":"post-33507","1":"product","2":"type-product","3":"status-publish","4":"has-post-thumbnail","6":"product_cat-042rsy","7":"product_tag-042rys000042","9":"first","10":"instock","11":"taxable","12":"shipping-taxable","13":"product-type-simple"},"_links":{"self":[{"href":"https:\/\/kervanmagazacilik.com\/index.php\/wp-json\/wp\/v2\/product\/33507","targetHints":{"allow":["GET"]}}],"collection":[{"href":"https:\/\/kervanmagazacilik.com\/index.php\/wp-json\/wp\/v2\/product"}],"about":[{"href":"https:\/\/kervanmagazacilik.com\/index.php\/wp-json\/wp\/v2\/types\/product"}],"wp:featuredmedia":[{"embeddable":true,"href":"https:\/\/kervanmagazacilik.com\/index.php\/wp-json\/wp\/v2\/media\/33510"}],"wp:attachment":[{"href":"https:\/\/kervanmagazacilik.com\/index.php\/wp-json\/wp\/v2\/media?parent=33507"}],"wp:term":[{"taxonomy":"product_brand","embeddable":true,"href":"https:\/\/kervanmagazacilik.com\/index.php\/wp-json\/wp\/v2\/product_brand?post=33507"},{"taxonomy":"product_cat","embeddable":true,"href":"https:\/\/kervanmagazacilik.com\/index.php\/wp-json\/wp\/v2\/product_cat?post=33507"},{"taxonomy":"product_tag","embeddable":true,"href":"https:\/\/kervanmagazacilik.com\/index.php\/wp-json\/wp\/v2\/product_tag?post=33507"}],"curies":[{"name":"wp","href":"https:\/\/api.w.org\/{rel}","templated":true}]}}