{"id":33424,"date":"2025-12-17T16:43:06","date_gmt":"2025-12-17T13:43:06","guid":{"rendered":"https:\/\/kervanmagazacilik.com\/?post_type=product&#038;p=33424"},"modified":"2025-12-17T16:43:07","modified_gmt":"2025-12-17T13:43:07","slug":"042rys000053","status":"publish","type":"product","link":"https:\/\/kervanmagazacilik.com\/index.php\/urun\/042rys000053\/","title":{"rendered":"042RYS000053"},"content":{"rendered":"<p>042RYS000053<\/p>\n<p>R\u0130COS P\u0130KE-YATAK \u00d6RT\u00dcS\u00dc 240&#215;250 3 PRC LAC\u0130VERT<\/p>\n","protected":false},"excerpt":{"rendered":"<p>042RYS000053 R\u0130COS P\u0130KE-YATAK \u00d6RT\u00dcS\u00dc 240&#215;250 3 PRC LAC\u0130VERT<\/p>\n","protected":false},"featured_media":33429,"template":"","meta":[],"product_brand":[],"product_cat":[7185],"product_tag":[7236],"class_list":{"0":"post-33424","1":"product","2":"type-product","3":"status-publish","4":"has-post-thumbnail","6":"product_cat-042rsy","7":"product_tag-042rys000053","9":"first","10":"instock","11":"taxable","12":"shipping-taxable","13":"product-type-simple"},"_links":{"self":[{"href":"https:\/\/kervanmagazacilik.com\/index.php\/wp-json\/wp\/v2\/product\/33424","targetHints":{"allow":["GET"]}}],"collection":[{"href":"https:\/\/kervanmagazacilik.com\/index.php\/wp-json\/wp\/v2\/product"}],"about":[{"href":"https:\/\/kervanmagazacilik.com\/index.php\/wp-json\/wp\/v2\/types\/product"}],"wp:featuredmedia":[{"embeddable":true,"href":"https:\/\/kervanmagazacilik.com\/index.php\/wp-json\/wp\/v2\/media\/33429"}],"wp:attachment":[{"href":"https:\/\/kervanmagazacilik.com\/index.php\/wp-json\/wp\/v2\/media?parent=33424"}],"wp:term":[{"taxonomy":"product_brand","embeddable":true,"href":"https:\/\/kervanmagazacilik.com\/index.php\/wp-json\/wp\/v2\/product_brand?post=33424"},{"taxonomy":"product_cat","embeddable":true,"href":"https:\/\/kervanmagazacilik.com\/index.php\/wp-json\/wp\/v2\/product_cat?post=33424"},{"taxonomy":"product_tag","embeddable":true,"href":"https:\/\/kervanmagazacilik.com\/index.php\/wp-json\/wp\/v2\/product_tag?post=33424"}],"curies":[{"name":"wp","href":"https:\/\/api.w.org\/{rel}","templated":true}]}}