{"id":33375,"date":"2025-12-11T09:56:59","date_gmt":"2025-12-11T06:56:59","guid":{"rendered":"https:\/\/kervanmagazacilik.com\/?post_type=product&#038;p=33375"},"modified":"2025-12-11T09:56:59","modified_gmt":"2025-12-11T06:56:59","slug":"759ozv000328","status":"publish","type":"product","link":"https:\/\/kervanmagazacilik.com\/index.php\/urun\/759ozv000328\/","title":{"rendered":"759OZV000328"},"content":{"rendered":"<p>759OZV000328<\/p>\n<p>FOTO\u011eRAF \u00c7ER\u00c7EVES\u0130 15x21cm GOLD (27760)<\/p>\n<p>MALZEME: POLISTERN-CAM Kuru bez ile toz al\u0131n\u0131z<\/p>\n","protected":false},"excerpt":{"rendered":"<p>759OZV000328 FOTO\u011eRAF \u00c7ER\u00c7EVES\u0130 15x21cm GOLD (27760) MALZEME: POLISTERN-CAM Kuru bez ile toz al\u0131n\u0131z<\/p>\n","protected":false},"featured_media":33376,"template":"","meta":[],"product_brand":[],"product_cat":[254],"product_tag":[7229],"class_list":{"0":"post-33375","1":"product","2":"type-product","3":"status-publish","4":"has-post-thumbnail","6":"product_cat-759ozv","7":"product_tag-759ozv000328","9":"first","10":"instock","11":"taxable","12":"shipping-taxable","13":"product-type-simple"},"_links":{"self":[{"href":"https:\/\/kervanmagazacilik.com\/index.php\/wp-json\/wp\/v2\/product\/33375","targetHints":{"allow":["GET"]}}],"collection":[{"href":"https:\/\/kervanmagazacilik.com\/index.php\/wp-json\/wp\/v2\/product"}],"about":[{"href":"https:\/\/kervanmagazacilik.com\/index.php\/wp-json\/wp\/v2\/types\/product"}],"wp:featuredmedia":[{"embeddable":true,"href":"https:\/\/kervanmagazacilik.com\/index.php\/wp-json\/wp\/v2\/media\/33376"}],"wp:attachment":[{"href":"https:\/\/kervanmagazacilik.com\/index.php\/wp-json\/wp\/v2\/media?parent=33375"}],"wp:term":[{"taxonomy":"product_brand","embeddable":true,"href":"https:\/\/kervanmagazacilik.com\/index.php\/wp-json\/wp\/v2\/product_brand?post=33375"},{"taxonomy":"product_cat","embeddable":true,"href":"https:\/\/kervanmagazacilik.com\/index.php\/wp-json\/wp\/v2\/product_cat?post=33375"},{"taxonomy":"product_tag","embeddable":true,"href":"https:\/\/kervanmagazacilik.com\/index.php\/wp-json\/wp\/v2\/product_tag?post=33375"}],"curies":[{"name":"wp","href":"https:\/\/api.w.org\/{rel}","templated":true}]}}