{"id":33368,"date":"2025-12-11T09:15:15","date_gmt":"2025-12-11T06:15:15","guid":{"rendered":"https:\/\/kervanmagazacilik.com\/?post_type=product&#038;p=33368"},"modified":"2025-12-11T09:15:15","modified_gmt":"2025-12-11T06:15:15","slug":"241063011950","status":"publish","type":"product","link":"https:\/\/kervanmagazacilik.com\/index.php\/urun\/241063011950\/","title":{"rendered":"241063011950"},"content":{"rendered":"<p>241063011950<\/p>\n<p>LEOSSA KOLTUK \u015eALI 145X145 LEOPAR-HAKI<\/p>\n<p>A Kuma\u015f:%100 Polyester<br \/>\nB Kuma\u015f:%100 Polyester<br \/>\nSadece kuru temizleme yap\u0131lmal\u0131d\u0131r<\/p>\n<p>ALT GRUP: SALON TEKST\u0130L\u0130<\/p>\n<p>\u015eAL: 145&#215;145 CM<\/p>\n","protected":false},"excerpt":{"rendered":"<p>241063011950 LEOSSA KOLTUK \u015eALI 145X145 LEOPAR-HAKI A Kuma\u015f:%100 Polyester B Kuma\u015f:%100 Polyester Sadece kuru temizleme yap\u0131lmal\u0131d\u0131r ALT GRUP: SALON TEKST\u0130L\u0130 \u015eAL: 145&#215;145 CM<\/p>\n","protected":false},"featured_media":33369,"template":"","meta":[],"product_brand":[],"product_cat":[3250],"product_tag":[7227],"class_list":{"0":"post-33368","1":"product","2":"type-product","3":"status-publish","4":"has-post-thumbnail","6":"product_cat-3250","7":"product_tag-7227","9":"first","10":"instock","11":"taxable","12":"shipping-taxable","13":"product-type-simple"},"_links":{"self":[{"href":"https:\/\/kervanmagazacilik.com\/index.php\/wp-json\/wp\/v2\/product\/33368","targetHints":{"allow":["GET"]}}],"collection":[{"href":"https:\/\/kervanmagazacilik.com\/index.php\/wp-json\/wp\/v2\/product"}],"about":[{"href":"https:\/\/kervanmagazacilik.com\/index.php\/wp-json\/wp\/v2\/types\/product"}],"wp:featuredmedia":[{"embeddable":true,"href":"https:\/\/kervanmagazacilik.com\/index.php\/wp-json\/wp\/v2\/media\/33369"}],"wp:attachment":[{"href":"https:\/\/kervanmagazacilik.com\/index.php\/wp-json\/wp\/v2\/media?parent=33368"}],"wp:term":[{"taxonomy":"product_brand","embeddable":true,"href":"https:\/\/kervanmagazacilik.com\/index.php\/wp-json\/wp\/v2\/product_brand?post=33368"},{"taxonomy":"product_cat","embeddable":true,"href":"https:\/\/kervanmagazacilik.com\/index.php\/wp-json\/wp\/v2\/product_cat?post=33368"},{"taxonomy":"product_tag","embeddable":true,"href":"https:\/\/kervanmagazacilik.com\/index.php\/wp-json\/wp\/v2\/product_tag?post=33368"}],"curies":[{"name":"wp","href":"https:\/\/api.w.org\/{rel}","templated":true}]}}