{"id":33347,"date":"2025-12-09T17:48:24","date_gmt":"2025-12-09T14:48:24","guid":{"rendered":"https:\/\/kervanmagazacilik.com\/?post_type=product&#038;p=33347"},"modified":"2025-12-09T17:48:24","modified_gmt":"2025-12-09T14:48:24","slug":"10176npt0035a","status":"publish","type":"product","link":"https:\/\/kervanmagazacilik.com\/index.php\/urun\/10176npt0035a\/","title":{"rendered":"10176NPT0035A"},"content":{"rendered":"<p>10176NPT0035A<\/p>\n<p>ODA KOKUSU\/KURAB\u0130YE \u00c7OCUK HAVLU 50&#215;75 cm KUTULU SET<\/p>\n<p>\u0130\u00c7ER\u0130K; BAMBU KUTU (11,5X25,5X5,5 CM) + CAM \u015e\u0130\u015eE \u0130\u00c7ER\u0130S\u0130NDE ODA KOKUSU (100 CC) + KAPAKLI METAL KUTU \u0130\u00c7ER\u0130S\u0130NDE CAM A\u011eA\u00c7LI MUM (\u00c7AP:7 CM, MUM: 60GR) + 5&#8217;L\u0130 NATUREL BAMBU \u00c7UBUK (24 CM) + HAVLU (50X75 CM) NOT: HAVLU \u00d6L\u00c7\u00dcS\u00dc +\/- 5 CM DE\u011e\u0130\u015eKENL\u0130K G\u00d6STEREB\u0130L\u0130R KOKU: PURENESS<\/p>\n","protected":false},"excerpt":{"rendered":"<p>10176NPT0035A ODA KOKUSU\/KURAB\u0130YE \u00c7OCUK HAVLU 50&#215;75 cm KUTULU SET \u0130\u00c7ER\u0130K; BAMBU KUTU (11,5X25,5X5,5 CM) + CAM \u015e\u0130\u015eE \u0130\u00c7ER\u0130S\u0130NDE ODA KOKUSU (100 CC) + KAPAKLI METAL KUTU \u0130\u00c7ER\u0130S\u0130NDE CAM A\u011eA\u00c7LI MUM (\u00c7AP:7 CM, MUM: 60GR) + 5&#8217;L\u0130 NATUREL BAMBU \u00c7UBUK (24 CM) + HAVLU (50X75 CM) NOT: HAVLU \u00d6L\u00c7\u00dcS\u00dc +\/- 5 CM DE\u011e\u0130\u015eKENL\u0130K G\u00d6STEREB\u0130L\u0130R KOKU: PURENESS<\/p>\n","protected":false},"featured_media":33352,"template":"","meta":[],"product_brand":[],"product_cat":[2101],"product_tag":[7222],"class_list":{"0":"post-33347","1":"product","2":"type-product","3":"status-publish","4":"has-post-thumbnail","6":"product_cat-10176npt","7":"product_tag-10176npt0035a","9":"first","10":"instock","11":"taxable","12":"shipping-taxable","13":"product-type-simple"},"_links":{"self":[{"href":"https:\/\/kervanmagazacilik.com\/index.php\/wp-json\/wp\/v2\/product\/33347","targetHints":{"allow":["GET"]}}],"collection":[{"href":"https:\/\/kervanmagazacilik.com\/index.php\/wp-json\/wp\/v2\/product"}],"about":[{"href":"https:\/\/kervanmagazacilik.com\/index.php\/wp-json\/wp\/v2\/types\/product"}],"wp:featuredmedia":[{"embeddable":true,"href":"https:\/\/kervanmagazacilik.com\/index.php\/wp-json\/wp\/v2\/media\/33352"}],"wp:attachment":[{"href":"https:\/\/kervanmagazacilik.com\/index.php\/wp-json\/wp\/v2\/media?parent=33347"}],"wp:term":[{"taxonomy":"product_brand","embeddable":true,"href":"https:\/\/kervanmagazacilik.com\/index.php\/wp-json\/wp\/v2\/product_brand?post=33347"},{"taxonomy":"product_cat","embeddable":true,"href":"https:\/\/kervanmagazacilik.com\/index.php\/wp-json\/wp\/v2\/product_cat?post=33347"},{"taxonomy":"product_tag","embeddable":true,"href":"https:\/\/kervanmagazacilik.com\/index.php\/wp-json\/wp\/v2\/product_tag?post=33347"}],"curies":[{"name":"wp","href":"https:\/\/api.w.org\/{rel}","templated":true}]}}