{"id":33321,"date":"2025-12-09T17:28:01","date_gmt":"2025-12-09T14:28:01","guid":{"rendered":"https:\/\/kervanmagazacilik.com\/?post_type=product&#038;p=33321"},"modified":"2025-12-09T17:40:24","modified_gmt":"2025-12-09T14:40:24","slug":"072017700352","status":"publish","type":"product","link":"https:\/\/kervanmagazacilik.com\/index.php\/urun\/072017700352\/","title":{"rendered":"072017700352"},"content":{"rendered":"<p>072017700352<\/p>\n<p>PAYENSA KIRLENT 30&#215;50 S\u0130YAH-GOLD<\/p>\n<p>Kuma\u015f: %100 Polyester<br \/>\nSadece kuru temizleme yap\u0131lmal\u0131d\u0131r<\/p>\n<p>ALT GRUP: DEKORATIF KIRLENT SALON TEKST\u0130L\u0130<\/p>\n","protected":false},"excerpt":{"rendered":"<p>072017700352 PAYENSA KIRLENT 30&#215;50 S\u0130YAH-GOLD Kuma\u015f: %100 Polyester Sadece kuru temizleme yap\u0131lmal\u0131d\u0131r ALT GRUP: DEKORATIF KIRLENT SALON TEKST\u0130L\u0130<\/p>\n","protected":false},"featured_media":33336,"template":"","meta":[],"product_brand":[],"product_cat":[6471],"product_tag":[7221],"class_list":{"0":"post-33321","1":"product","2":"type-product","3":"status-publish","4":"has-post-thumbnail","6":"product_cat-6471","7":"product_tag-7221","9":"first","10":"instock","11":"taxable","12":"shipping-taxable","13":"product-type-simple"},"_links":{"self":[{"href":"https:\/\/kervanmagazacilik.com\/index.php\/wp-json\/wp\/v2\/product\/33321","targetHints":{"allow":["GET"]}}],"collection":[{"href":"https:\/\/kervanmagazacilik.com\/index.php\/wp-json\/wp\/v2\/product"}],"about":[{"href":"https:\/\/kervanmagazacilik.com\/index.php\/wp-json\/wp\/v2\/types\/product"}],"wp:featuredmedia":[{"embeddable":true,"href":"https:\/\/kervanmagazacilik.com\/index.php\/wp-json\/wp\/v2\/media\/33336"}],"wp:attachment":[{"href":"https:\/\/kervanmagazacilik.com\/index.php\/wp-json\/wp\/v2\/media?parent=33321"}],"wp:term":[{"taxonomy":"product_brand","embeddable":true,"href":"https:\/\/kervanmagazacilik.com\/index.php\/wp-json\/wp\/v2\/product_brand?post=33321"},{"taxonomy":"product_cat","embeddable":true,"href":"https:\/\/kervanmagazacilik.com\/index.php\/wp-json\/wp\/v2\/product_cat?post=33321"},{"taxonomy":"product_tag","embeddable":true,"href":"https:\/\/kervanmagazacilik.com\/index.php\/wp-json\/wp\/v2\/product_tag?post=33321"}],"curies":[{"name":"wp","href":"https:\/\/api.w.org\/{rel}","templated":true}]}}