{"id":33279,"date":"2025-12-09T17:00:49","date_gmt":"2025-12-09T14:00:49","guid":{"rendered":"https:\/\/kervanmagazacilik.com\/?post_type=product&#038;p=33279"},"modified":"2025-12-09T17:00:50","modified_gmt":"2025-12-09T14:00:50","slug":"759dcr000173","status":"publish","type":"product","link":"https:\/\/kervanmagazacilik.com\/index.php\/urun\/759dcr000173\/","title":{"rendered":"759DCR000173"},"content":{"rendered":"<p>759DCR000173<\/p>\n<p>HOPE BARDAK KIRMIZI 345 ml<\/p>\n<p>MALZEME: CAM \/ ELDE YIKAMA YAPILMALIDIR, BULA\u015eIK MAK\u0130NES\u0130NDE YIKAMAYINIZ<\/p>\n","protected":false},"excerpt":{"rendered":"<p>759DCR000173 HOPE BARDAK KIRMIZI 345 ml MALZEME: CAM \/ ELDE YIKAMA YAPILMALIDIR, BULA\u015eIK MAK\u0130NES\u0130NDE YIKAMAYINIZ<\/p>\n","protected":false},"featured_media":33280,"template":"","meta":[],"product_brand":[],"product_cat":[3250],"product_tag":[7215],"class_list":{"0":"post-33279","1":"product","2":"type-product","3":"status-publish","4":"has-post-thumbnail","6":"product_cat-3250","7":"product_tag-759dcr000173","9":"first","10":"instock","11":"taxable","12":"shipping-taxable","13":"product-type-simple"},"_links":{"self":[{"href":"https:\/\/kervanmagazacilik.com\/index.php\/wp-json\/wp\/v2\/product\/33279","targetHints":{"allow":["GET"]}}],"collection":[{"href":"https:\/\/kervanmagazacilik.com\/index.php\/wp-json\/wp\/v2\/product"}],"about":[{"href":"https:\/\/kervanmagazacilik.com\/index.php\/wp-json\/wp\/v2\/types\/product"}],"wp:featuredmedia":[{"embeddable":true,"href":"https:\/\/kervanmagazacilik.com\/index.php\/wp-json\/wp\/v2\/media\/33280"}],"wp:attachment":[{"href":"https:\/\/kervanmagazacilik.com\/index.php\/wp-json\/wp\/v2\/media?parent=33279"}],"wp:term":[{"taxonomy":"product_brand","embeddable":true,"href":"https:\/\/kervanmagazacilik.com\/index.php\/wp-json\/wp\/v2\/product_brand?post=33279"},{"taxonomy":"product_cat","embeddable":true,"href":"https:\/\/kervanmagazacilik.com\/index.php\/wp-json\/wp\/v2\/product_cat?post=33279"},{"taxonomy":"product_tag","embeddable":true,"href":"https:\/\/kervanmagazacilik.com\/index.php\/wp-json\/wp\/v2\/product_tag?post=33279"}],"curies":[{"name":"wp","href":"https:\/\/api.w.org\/{rel}","templated":true}]}}