{"id":33271,"date":"2025-12-09T16:55:59","date_gmt":"2025-12-09T13:55:59","guid":{"rendered":"https:\/\/kervanmagazacilik.com\/?post_type=product&#038;p=33271"},"modified":"2025-12-09T16:55:59","modified_gmt":"2025-12-09T13:55:59","slug":"759dcr000172","status":"publish","type":"product","link":"https:\/\/kervanmagazacilik.com\/index.php\/urun\/759dcr000172\/","title":{"rendered":"759DCR000172"},"content":{"rendered":"<p>759DCR000172<\/p>\n<p>LOVE BARDAK KIRMIZI 345 ml<\/p>\n<p>MALZEME: CAM \/ ELDE YIKAMA YAPILMALIDIR, BULA\u015eIK MAK\u0130NES\u0130NDE YIKAMAYINIZ<\/p>\n<p>&nbsp;<\/p>\n","protected":false},"excerpt":{"rendered":"<p>759DCR000172 LOVE BARDAK KIRMIZI 345 ml MALZEME: CAM \/ ELDE YIKAMA YAPILMALIDIR, BULA\u015eIK MAK\u0130NES\u0130NDE YIKAMAYINIZ &nbsp;<\/p>\n","protected":false},"featured_media":33274,"template":"","meta":[],"product_brand":[],"product_cat":[214],"product_tag":[7214],"class_list":{"0":"post-33271","1":"product","2":"type-product","3":"status-publish","4":"has-post-thumbnail","6":"product_cat-759dcr","7":"product_tag-759dcr000172","9":"first","10":"instock","11":"taxable","12":"shipping-taxable","13":"product-type-simple"},"_links":{"self":[{"href":"https:\/\/kervanmagazacilik.com\/index.php\/wp-json\/wp\/v2\/product\/33271","targetHints":{"allow":["GET"]}}],"collection":[{"href":"https:\/\/kervanmagazacilik.com\/index.php\/wp-json\/wp\/v2\/product"}],"about":[{"href":"https:\/\/kervanmagazacilik.com\/index.php\/wp-json\/wp\/v2\/types\/product"}],"wp:featuredmedia":[{"embeddable":true,"href":"https:\/\/kervanmagazacilik.com\/index.php\/wp-json\/wp\/v2\/media\/33274"}],"wp:attachment":[{"href":"https:\/\/kervanmagazacilik.com\/index.php\/wp-json\/wp\/v2\/media?parent=33271"}],"wp:term":[{"taxonomy":"product_brand","embeddable":true,"href":"https:\/\/kervanmagazacilik.com\/index.php\/wp-json\/wp\/v2\/product_brand?post=33271"},{"taxonomy":"product_cat","embeddable":true,"href":"https:\/\/kervanmagazacilik.com\/index.php\/wp-json\/wp\/v2\/product_cat?post=33271"},{"taxonomy":"product_tag","embeddable":true,"href":"https:\/\/kervanmagazacilik.com\/index.php\/wp-json\/wp\/v2\/product_tag?post=33271"}],"curies":[{"name":"wp","href":"https:\/\/api.w.org\/{rel}","templated":true}]}}