{"id":33258,"date":"2025-12-09T16:25:09","date_gmt":"2025-12-09T13:25:09","guid":{"rendered":"https:\/\/kervanmagazacilik.com\/?post_type=product&#038;p=33258"},"modified":"2025-12-09T16:25:10","modified_gmt":"2025-12-09T13:25:10","slug":"759ywu000003","status":"publish","type":"product","link":"https:\/\/kervanmagazacilik.com\/index.php\/urun\/759ywu000003\/","title":{"rendered":"759YWU000003"},"content":{"rendered":"<p>759YWU000003<\/p>\n<p>YILBA\u015eI KAPI \u00c7ELENG\u0130 &#8211; 60 CM ML-0171A ( Ledli )<\/p>\n","protected":false},"excerpt":{"rendered":"<p>759YWU000003 YILBA\u015eI KAPI \u00c7ELENG\u0130 &#8211; 60 CM ML-0171A ( Ledli )<\/p>\n","protected":false},"featured_media":33260,"template":"","meta":[],"product_brand":[],"product_cat":[7208],"product_tag":[7211],"class_list":{"0":"post-33258","1":"product","2":"type-product","3":"status-publish","4":"has-post-thumbnail","6":"product_cat-759ywu","7":"product_tag-759ywu000003","9":"first","10":"instock","11":"taxable","12":"shipping-taxable","13":"product-type-simple"},"_links":{"self":[{"href":"https:\/\/kervanmagazacilik.com\/index.php\/wp-json\/wp\/v2\/product\/33258","targetHints":{"allow":["GET"]}}],"collection":[{"href":"https:\/\/kervanmagazacilik.com\/index.php\/wp-json\/wp\/v2\/product"}],"about":[{"href":"https:\/\/kervanmagazacilik.com\/index.php\/wp-json\/wp\/v2\/types\/product"}],"wp:featuredmedia":[{"embeddable":true,"href":"https:\/\/kervanmagazacilik.com\/index.php\/wp-json\/wp\/v2\/media\/33260"}],"wp:attachment":[{"href":"https:\/\/kervanmagazacilik.com\/index.php\/wp-json\/wp\/v2\/media?parent=33258"}],"wp:term":[{"taxonomy":"product_brand","embeddable":true,"href":"https:\/\/kervanmagazacilik.com\/index.php\/wp-json\/wp\/v2\/product_brand?post=33258"},{"taxonomy":"product_cat","embeddable":true,"href":"https:\/\/kervanmagazacilik.com\/index.php\/wp-json\/wp\/v2\/product_cat?post=33258"},{"taxonomy":"product_tag","embeddable":true,"href":"https:\/\/kervanmagazacilik.com\/index.php\/wp-json\/wp\/v2\/product_tag?post=33258"}],"curies":[{"name":"wp","href":"https:\/\/api.w.org\/{rel}","templated":true}]}}