{"id":33214,"date":"2025-12-09T15:28:17","date_gmt":"2025-12-09T12:28:17","guid":{"rendered":"https:\/\/kervanmagazacilik.com\/?post_type=product&#038;p=33214"},"modified":"2025-12-09T15:28:17","modified_gmt":"2025-12-09T12:28:17","slug":"900arj000283-2","status":"publish","type":"product","link":"https:\/\/kervanmagazacilik.com\/index.php\/urun\/900arj000283-2\/","title":{"rendered":"900ARJ000283"},"content":{"rendered":"<p>900ARJ000283<\/p>\n<p>NARLI KOKU \u015e\u0130\u015eES\u0130 GOLD 14X10 CM<\/p>\n<p>MALZEME: Polyester+Cam<br \/>\n\u00d6l\u00e7\u00fcler +\/- 5 cm de\u011fi\u015fkenlik g\u00f6sterebilir<br \/>\nHafif nemli bezle silinebilir<\/p>\n","protected":false},"excerpt":{"rendered":"<p>900ARJ000283 NARLI KOKU \u015e\u0130\u015eES\u0130 GOLD 14X10 CM MALZEME: Polyester+Cam \u00d6l\u00e7\u00fcler +\/- 5 cm de\u011fi\u015fkenlik g\u00f6sterebilir Hafif nemli bezle silinebilir<\/p>\n","protected":false},"featured_media":33218,"template":"","meta":[],"product_brand":[],"product_cat":[280],"product_tag":[7204],"class_list":{"0":"post-33214","1":"product","2":"type-product","3":"status-publish","4":"has-post-thumbnail","6":"product_cat-900arj","7":"product_tag-042rys000019","9":"first","10":"instock","11":"taxable","12":"shipping-taxable","13":"product-type-simple"},"_links":{"self":[{"href":"https:\/\/kervanmagazacilik.com\/index.php\/wp-json\/wp\/v2\/product\/33214","targetHints":{"allow":["GET"]}}],"collection":[{"href":"https:\/\/kervanmagazacilik.com\/index.php\/wp-json\/wp\/v2\/product"}],"about":[{"href":"https:\/\/kervanmagazacilik.com\/index.php\/wp-json\/wp\/v2\/types\/product"}],"wp:featuredmedia":[{"embeddable":true,"href":"https:\/\/kervanmagazacilik.com\/index.php\/wp-json\/wp\/v2\/media\/33218"}],"wp:attachment":[{"href":"https:\/\/kervanmagazacilik.com\/index.php\/wp-json\/wp\/v2\/media?parent=33214"}],"wp:term":[{"taxonomy":"product_brand","embeddable":true,"href":"https:\/\/kervanmagazacilik.com\/index.php\/wp-json\/wp\/v2\/product_brand?post=33214"},{"taxonomy":"product_cat","embeddable":true,"href":"https:\/\/kervanmagazacilik.com\/index.php\/wp-json\/wp\/v2\/product_cat?post=33214"},{"taxonomy":"product_tag","embeddable":true,"href":"https:\/\/kervanmagazacilik.com\/index.php\/wp-json\/wp\/v2\/product_tag?post=33214"}],"curies":[{"name":"wp","href":"https:\/\/api.w.org\/{rel}","templated":true}]}}