{"id":33156,"date":"2025-12-09T14:41:00","date_gmt":"2025-12-09T11:41:00","guid":{"rendered":"https:\/\/kervanmagazacilik.com\/?post_type=product&#038;p=33156"},"modified":"2025-12-09T14:41:01","modified_gmt":"2025-12-09T11:41:01","slug":"900arj000286","status":"publish","type":"product","link":"https:\/\/kervanmagazacilik.com\/index.php\/urun\/900arj000286\/","title":{"rendered":"900ARJ000286"},"content":{"rendered":"<p>900ARJ000286<\/p>\n<p>G\u00dcLL\u00dc MUMLUK GOLD 25X10 CM<\/p>\n<p>MALZEME: Polyester+Cam<br \/>\n\u00d6l\u00e7\u00fcler +\/- 5 cm de\u011fi\u015fkenlik g\u00f6sterebilir<br \/>\nHafif nemli bezle silinebilir<br \/>\nCam mumluk: 10&#215;10 cm<br \/>\nMum: 7&#215;7 cm<\/p>\n","protected":false},"excerpt":{"rendered":"<p>900ARJ000286 G\u00dcLL\u00dc MUMLUK GOLD 25X10 CM MALZEME: Polyester+Cam \u00d6l\u00e7\u00fcler +\/- 5 cm de\u011fi\u015fkenlik g\u00f6sterebilir Hafif nemli bezle silinebilir Cam mumluk: 10&#215;10 cm Mum: 7&#215;7 cm<\/p>\n","protected":false},"featured_media":33158,"template":"","meta":[],"product_brand":[],"product_cat":[280],"product_tag":[7197],"class_list":{"0":"post-33156","1":"product","2":"type-product","3":"status-publish","4":"has-post-thumbnail","6":"product_cat-900arj","7":"product_tag-900arj000286","9":"first","10":"instock","11":"taxable","12":"shipping-taxable","13":"product-type-simple"},"_links":{"self":[{"href":"https:\/\/kervanmagazacilik.com\/index.php\/wp-json\/wp\/v2\/product\/33156","targetHints":{"allow":["GET"]}}],"collection":[{"href":"https:\/\/kervanmagazacilik.com\/index.php\/wp-json\/wp\/v2\/product"}],"about":[{"href":"https:\/\/kervanmagazacilik.com\/index.php\/wp-json\/wp\/v2\/types\/product"}],"wp:featuredmedia":[{"embeddable":true,"href":"https:\/\/kervanmagazacilik.com\/index.php\/wp-json\/wp\/v2\/media\/33158"}],"wp:attachment":[{"href":"https:\/\/kervanmagazacilik.com\/index.php\/wp-json\/wp\/v2\/media?parent=33156"}],"wp:term":[{"taxonomy":"product_brand","embeddable":true,"href":"https:\/\/kervanmagazacilik.com\/index.php\/wp-json\/wp\/v2\/product_brand?post=33156"},{"taxonomy":"product_cat","embeddable":true,"href":"https:\/\/kervanmagazacilik.com\/index.php\/wp-json\/wp\/v2\/product_cat?post=33156"},{"taxonomy":"product_tag","embeddable":true,"href":"https:\/\/kervanmagazacilik.com\/index.php\/wp-json\/wp\/v2\/product_tag?post=33156"}],"curies":[{"name":"wp","href":"https:\/\/api.w.org\/{rel}","templated":true}]}}