{"id":33140,"date":"2025-12-09T14:32:04","date_gmt":"2025-12-09T11:32:04","guid":{"rendered":"https:\/\/kervanmagazacilik.com\/?post_type=product&#038;p=33140"},"modified":"2025-12-09T14:32:04","modified_gmt":"2025-12-09T11:32:04","slug":"900arj000285","status":"publish","type":"product","link":"https:\/\/kervanmagazacilik.com\/index.php\/urun\/900arj000285\/","title":{"rendered":"900ARJ000285"},"content":{"rendered":"<p>900ARJ000285<\/p>\n<p>NAR MUMLUK GOLD 9X11 CM<\/p>\n<p>MALZEME: Polyester+Cam<br \/>\n\u00d6l\u00e7\u00fcler +\/- 5 cm de\u011fi\u015fkenlik g\u00f6sterebilir<br \/>\nHafif nemli bezle silinebilir<br \/>\n\u0130\u00e7erisinde led mum bulunmaktad\u0131r<\/p>\n","protected":false},"excerpt":{"rendered":"<p>900ARJ000285 NAR MUMLUK GOLD 9X11 CM MALZEME: Polyester+Cam \u00d6l\u00e7\u00fcler +\/- 5 cm de\u011fi\u015fkenlik g\u00f6sterebilir Hafif nemli bezle silinebilir \u0130\u00e7erisinde led mum bulunmaktad\u0131r<\/p>\n","protected":false},"featured_media":33148,"template":"","meta":[],"product_brand":[],"product_cat":[280],"product_tag":[7195],"class_list":{"0":"post-33140","1":"product","2":"type-product","3":"status-publish","4":"has-post-thumbnail","6":"product_cat-900arj","7":"product_tag-900arj000285","9":"first","10":"instock","11":"taxable","12":"shipping-taxable","13":"product-type-simple"},"_links":{"self":[{"href":"https:\/\/kervanmagazacilik.com\/index.php\/wp-json\/wp\/v2\/product\/33140","targetHints":{"allow":["GET"]}}],"collection":[{"href":"https:\/\/kervanmagazacilik.com\/index.php\/wp-json\/wp\/v2\/product"}],"about":[{"href":"https:\/\/kervanmagazacilik.com\/index.php\/wp-json\/wp\/v2\/types\/product"}],"wp:featuredmedia":[{"embeddable":true,"href":"https:\/\/kervanmagazacilik.com\/index.php\/wp-json\/wp\/v2\/media\/33148"}],"wp:attachment":[{"href":"https:\/\/kervanmagazacilik.com\/index.php\/wp-json\/wp\/v2\/media?parent=33140"}],"wp:term":[{"taxonomy":"product_brand","embeddable":true,"href":"https:\/\/kervanmagazacilik.com\/index.php\/wp-json\/wp\/v2\/product_brand?post=33140"},{"taxonomy":"product_cat","embeddable":true,"href":"https:\/\/kervanmagazacilik.com\/index.php\/wp-json\/wp\/v2\/product_cat?post=33140"},{"taxonomy":"product_tag","embeddable":true,"href":"https:\/\/kervanmagazacilik.com\/index.php\/wp-json\/wp\/v2\/product_tag?post=33140"}],"curies":[{"name":"wp","href":"https:\/\/api.w.org\/{rel}","templated":true}]}}