{"id":33037,"date":"2025-11-27T15:43:03","date_gmt":"2025-11-27T12:43:03","guid":{"rendered":"https:\/\/kervanmagazacilik.com\/?post_type=product&#038;p=33037"},"modified":"2025-12-09T17:15:11","modified_gmt":"2025-12-09T14:15:11","slug":"10176npt00034","status":"publish","type":"product","link":"https:\/\/kervanmagazacilik.com\/index.php\/urun\/10176npt00034\/","title":{"rendered":"10176NPT00034"},"content":{"rendered":"<p>10176NPT00034<\/p>\n<p>\u00c7AM A\u011eA\u00c7LI DEKORAT\u0130F KOKU \u015e\u0130\u015eES\u0130 KUTULU SET KIRMIZI<\/p>\n<p>\u0130\u00c7ER\u0130K; BAMBU KUTU (11,5X25,5X5,5 CM) + \u00c7AM A\u011eA\u00c7LI DEKORAT\u0130F KOKU \u015e\u0130\u015eES\u0130 (3,5X8,5X20 CM) + YEDEK ESANS (100 CC) + \u00c7AM A\u011eA\u00c7LI MUM (\u00c7AP: 4 CM) + 5&#8217;L\u0130 NATUREL BAMBU \u00c7UBUK (24 CM) + DEKORAT\u0130F TA\u015eLI BAMBU \u00c7UBUKLAR KOKU: PURENESS<\/p>\n<p>&nbsp;<\/p>\n<p>&nbsp;<\/p>\n","protected":false},"excerpt":{"rendered":"<p>10176NPT00034 \u00c7AM A\u011eA\u00c7LI DEKORAT\u0130F KOKU \u015e\u0130\u015eES\u0130 KUTULU SET KIRMIZI \u0130\u00c7ER\u0130K; BAMBU KUTU (11,5X25,5X5,5 CM) + \u00c7AM A\u011eA\u00c7LI DEKORAT\u0130F KOKU \u015e\u0130\u015eES\u0130 (3,5X8,5X20 CM) + YEDEK ESANS (100 CC) + \u00c7AM A\u011eA\u00c7LI MUM (\u00c7AP: 4 CM) + 5&#8217;L\u0130 NATUREL BAMBU \u00c7UBUK (24 CM) + DEKORAT\u0130F TA\u015eLI BAMBU \u00c7UBUKLAR KOKU: PURENESS &nbsp; &nbsp;<\/p>\n","protected":false},"featured_media":33038,"template":"","meta":[],"product_brand":[],"product_cat":[2101],"product_tag":[7176],"class_list":{"0":"post-33037","1":"product","2":"type-product","3":"status-publish","4":"has-post-thumbnail","6":"product_cat-10176npt","7":"product_tag-10176npt00034","9":"first","10":"instock","11":"taxable","12":"shipping-taxable","13":"product-type-simple"},"_links":{"self":[{"href":"https:\/\/kervanmagazacilik.com\/index.php\/wp-json\/wp\/v2\/product\/33037","targetHints":{"allow":["GET"]}}],"collection":[{"href":"https:\/\/kervanmagazacilik.com\/index.php\/wp-json\/wp\/v2\/product"}],"about":[{"href":"https:\/\/kervanmagazacilik.com\/index.php\/wp-json\/wp\/v2\/types\/product"}],"wp:featuredmedia":[{"embeddable":true,"href":"https:\/\/kervanmagazacilik.com\/index.php\/wp-json\/wp\/v2\/media\/33038"}],"wp:attachment":[{"href":"https:\/\/kervanmagazacilik.com\/index.php\/wp-json\/wp\/v2\/media?parent=33037"}],"wp:term":[{"taxonomy":"product_brand","embeddable":true,"href":"https:\/\/kervanmagazacilik.com\/index.php\/wp-json\/wp\/v2\/product_brand?post=33037"},{"taxonomy":"product_cat","embeddable":true,"href":"https:\/\/kervanmagazacilik.com\/index.php\/wp-json\/wp\/v2\/product_cat?post=33037"},{"taxonomy":"product_tag","embeddable":true,"href":"https:\/\/kervanmagazacilik.com\/index.php\/wp-json\/wp\/v2\/product_tag?post=33037"}],"curies":[{"name":"wp","href":"https:\/\/api.w.org\/{rel}","templated":true}]}}