{"id":33033,"date":"2025-11-27T15:40:44","date_gmt":"2025-11-27T12:40:44","guid":{"rendered":"https:\/\/kervanmagazacilik.com\/?post_type=product&#038;p=33033"},"modified":"2025-12-09T17:23:09","modified_gmt":"2025-12-09T14:23:09","slug":"10176npt00033","status":"publish","type":"product","link":"https:\/\/kervanmagazacilik.com\/index.php\/urun\/10176npt00033\/","title":{"rendered":"10176NPT00033"},"content":{"rendered":"<p>10176NPT00033<\/p>\n<p>\u00c7AM A\u011eA\u00c7LI DEKORAT\u0130F KOKU \u015e\u0130\u015eES\u0130 KUTULU SET YE\u015e\u0130L<\/p>\n<p>\u0130\u00c7ER\u0130K; BAMBU KUTU (11,5X25,5X5,5 CM) + \u00c7AM A\u011eA\u00c7LI DEKORAT\u0130F KOKU \u015e\u0130\u015eES\u0130 (3,5X8,5X20 CM) + YEDEK ESANS (100 CC) + \u00c7AM A\u011eA\u00c7LI MUM (\u00c7AP: 4 CM, DI\u015eI PLAST\u0130KT\u0130R) + 5&#8217;L\u0130 NATUREL BAMBU \u00c7UBUK (24 CM) + DEKORAT\u0130F TA\u015eLI BAMBU \u00c7UBUKLAR KOKU: PURENESS<\/p>\n","protected":false},"excerpt":{"rendered":"<p>10176NPT00033 \u00c7AM A\u011eA\u00c7LI DEKORAT\u0130F KOKU \u015e\u0130\u015eES\u0130 KUTULU SET YE\u015e\u0130L \u0130\u00c7ER\u0130K; BAMBU KUTU (11,5X25,5X5,5 CM) + \u00c7AM A\u011eA\u00c7LI DEKORAT\u0130F KOKU \u015e\u0130\u015eES\u0130 (3,5X8,5X20 CM) + YEDEK ESANS (100 CC) + \u00c7AM A\u011eA\u00c7LI MUM (\u00c7AP: 4 CM, DI\u015eI PLAST\u0130KT\u0130R) + 5&#8217;L\u0130 NATUREL BAMBU \u00c7UBUK (24 CM) + DEKORAT\u0130F TA\u015eLI BAMBU \u00c7UBUKLAR KOKU: PURENESS<\/p>\n","protected":false},"featured_media":33034,"template":"","meta":[],"product_brand":[],"product_cat":[2101],"product_tag":[7175],"class_list":{"0":"post-33033","1":"product","2":"type-product","3":"status-publish","4":"has-post-thumbnail","6":"product_cat-10176npt","7":"product_tag-10176npt00033","9":"first","10":"instock","11":"taxable","12":"shipping-taxable","13":"product-type-simple"},"_links":{"self":[{"href":"https:\/\/kervanmagazacilik.com\/index.php\/wp-json\/wp\/v2\/product\/33033","targetHints":{"allow":["GET"]}}],"collection":[{"href":"https:\/\/kervanmagazacilik.com\/index.php\/wp-json\/wp\/v2\/product"}],"about":[{"href":"https:\/\/kervanmagazacilik.com\/index.php\/wp-json\/wp\/v2\/types\/product"}],"wp:featuredmedia":[{"embeddable":true,"href":"https:\/\/kervanmagazacilik.com\/index.php\/wp-json\/wp\/v2\/media\/33034"}],"wp:attachment":[{"href":"https:\/\/kervanmagazacilik.com\/index.php\/wp-json\/wp\/v2\/media?parent=33033"}],"wp:term":[{"taxonomy":"product_brand","embeddable":true,"href":"https:\/\/kervanmagazacilik.com\/index.php\/wp-json\/wp\/v2\/product_brand?post=33033"},{"taxonomy":"product_cat","embeddable":true,"href":"https:\/\/kervanmagazacilik.com\/index.php\/wp-json\/wp\/v2\/product_cat?post=33033"},{"taxonomy":"product_tag","embeddable":true,"href":"https:\/\/kervanmagazacilik.com\/index.php\/wp-json\/wp\/v2\/product_tag?post=33033"}],"curies":[{"name":"wp","href":"https:\/\/api.w.org\/{rel}","templated":true}]}}