{"id":32957,"date":"2025-11-27T09:07:42","date_gmt":"2025-11-27T06:07:42","guid":{"rendered":"https:\/\/kervanmagazacilik.com\/?post_type=product&#038;p=32957"},"modified":"2025-11-27T09:07:42","modified_gmt":"2025-11-27T06:07:42","slug":"611artf00344","status":"publish","type":"product","link":"https:\/\/kervanmagazacilik.com\/index.php\/urun\/611artf00344\/","title":{"rendered":"611ARTF00344"},"content":{"rendered":"<p>611ARTF00344<\/p>\n<p>ARCH SALVAGE \u015e\u0130FONYER 5 \u00c7EKMECE KAHVE 51x116x148cm 233150-2802<\/p>\n","protected":false},"excerpt":{"rendered":"<p>611ARTF00344 ARCH SALVAGE \u015e\u0130FONYER 5 \u00c7EKMECE KAHVE 51x116x148cm 233150-2802<\/p>\n","protected":false},"featured_media":32958,"template":"","meta":[],"product_brand":[],"product_cat":[41],"product_tag":[7157],"class_list":{"0":"post-32957","1":"product","2":"type-product","3":"status-publish","4":"has-post-thumbnail","6":"product_cat-611artf","7":"product_tag-611artf00344","9":"first","10":"instock","11":"taxable","12":"shipping-taxable","13":"product-type-simple"},"_links":{"self":[{"href":"https:\/\/kervanmagazacilik.com\/index.php\/wp-json\/wp\/v2\/product\/32957","targetHints":{"allow":["GET"]}}],"collection":[{"href":"https:\/\/kervanmagazacilik.com\/index.php\/wp-json\/wp\/v2\/product"}],"about":[{"href":"https:\/\/kervanmagazacilik.com\/index.php\/wp-json\/wp\/v2\/types\/product"}],"wp:featuredmedia":[{"embeddable":true,"href":"https:\/\/kervanmagazacilik.com\/index.php\/wp-json\/wp\/v2\/media\/32958"}],"wp:attachment":[{"href":"https:\/\/kervanmagazacilik.com\/index.php\/wp-json\/wp\/v2\/media?parent=32957"}],"wp:term":[{"taxonomy":"product_brand","embeddable":true,"href":"https:\/\/kervanmagazacilik.com\/index.php\/wp-json\/wp\/v2\/product_brand?post=32957"},{"taxonomy":"product_cat","embeddable":true,"href":"https:\/\/kervanmagazacilik.com\/index.php\/wp-json\/wp\/v2\/product_cat?post=32957"},{"taxonomy":"product_tag","embeddable":true,"href":"https:\/\/kervanmagazacilik.com\/index.php\/wp-json\/wp\/v2\/product_tag?post=32957"}],"curies":[{"name":"wp","href":"https:\/\/api.w.org\/{rel}","templated":true}]}}