{"id":32943,"date":"2025-11-27T08:57:24","date_gmt":"2025-11-27T05:57:24","guid":{"rendered":"https:\/\/kervanmagazacilik.com\/?post_type=product&#038;p=32943"},"modified":"2025-11-27T08:57:25","modified_gmt":"2025-11-27T05:57:25","slug":"611artf00435","status":"publish","type":"product","link":"https:\/\/kervanmagazacilik.com\/index.php\/urun\/611artf00435\/","title":{"rendered":"611ARTF00435"},"content":{"rendered":"<p>611ARTF00435<\/p>\n<p>ALCOVE \u015e\u0130FONYER KREM-KAHVE 6 \u00c7EKMECE 51x107x147cm 321150-2801<\/p>\n","protected":false},"excerpt":{"rendered":"<p>611ARTF00435 ALCOVE \u015e\u0130FONYER KREM-KAHVE 6 \u00c7EKMECE 51x107x147cm 321150-2801<\/p>\n","protected":false},"featured_media":32944,"template":"","meta":[],"product_brand":[],"product_cat":[41],"product_tag":[7154],"class_list":{"0":"post-32943","1":"product","2":"type-product","3":"status-publish","4":"has-post-thumbnail","6":"product_cat-611artf","7":"product_tag-611artf00435","9":"first","10":"instock","11":"taxable","12":"shipping-taxable","13":"product-type-simple"},"_links":{"self":[{"href":"https:\/\/kervanmagazacilik.com\/index.php\/wp-json\/wp\/v2\/product\/32943","targetHints":{"allow":["GET"]}}],"collection":[{"href":"https:\/\/kervanmagazacilik.com\/index.php\/wp-json\/wp\/v2\/product"}],"about":[{"href":"https:\/\/kervanmagazacilik.com\/index.php\/wp-json\/wp\/v2\/types\/product"}],"wp:featuredmedia":[{"embeddable":true,"href":"https:\/\/kervanmagazacilik.com\/index.php\/wp-json\/wp\/v2\/media\/32944"}],"wp:attachment":[{"href":"https:\/\/kervanmagazacilik.com\/index.php\/wp-json\/wp\/v2\/media?parent=32943"}],"wp:term":[{"taxonomy":"product_brand","embeddable":true,"href":"https:\/\/kervanmagazacilik.com\/index.php\/wp-json\/wp\/v2\/product_brand?post=32943"},{"taxonomy":"product_cat","embeddable":true,"href":"https:\/\/kervanmagazacilik.com\/index.php\/wp-json\/wp\/v2\/product_cat?post=32943"},{"taxonomy":"product_tag","embeddable":true,"href":"https:\/\/kervanmagazacilik.com\/index.php\/wp-json\/wp\/v2\/product_tag?post=32943"}],"curies":[{"name":"wp","href":"https:\/\/api.w.org\/{rel}","templated":true}]}}