{"id":32913,"date":"2025-11-27T08:42:45","date_gmt":"2025-11-27T05:42:45","guid":{"rendered":"https:\/\/kervanmagazacilik.com\/?post_type=product&#038;p=32913"},"modified":"2025-11-27T08:42:45","modified_gmt":"2025-11-27T05:42:45","slug":"611artf00214","status":"publish","type":"product","link":"https:\/\/kervanmagazacilik.com\/index.php\/urun\/611artf00214\/","title":{"rendered":"611ARTF00214"},"content":{"rendered":"<p>611ARTF00214<\/p>\n<p>WREN \u015e\u0130FONYER 9 \u00c7EKMECE 54x193x104cm 231131-2812<\/p>\n<p>Parawood Kat\u0131lar\u0131<\/p>\n","protected":false},"excerpt":{"rendered":"<p>611ARTF00214 WREN \u015e\u0130FONYER 9 \u00c7EKMECE 54x193x104cm 231131-2812 Parawood Kat\u0131lar\u0131<\/p>\n","protected":false},"featured_media":32914,"template":"","meta":[],"product_brand":[],"product_cat":[41],"product_tag":[7149],"class_list":{"0":"post-32913","1":"product","2":"type-product","3":"status-publish","4":"has-post-thumbnail","6":"product_cat-611artf","7":"product_tag-611artf00214","9":"first","10":"instock","11":"taxable","12":"shipping-taxable","13":"product-type-simple"},"_links":{"self":[{"href":"https:\/\/kervanmagazacilik.com\/index.php\/wp-json\/wp\/v2\/product\/32913","targetHints":{"allow":["GET"]}}],"collection":[{"href":"https:\/\/kervanmagazacilik.com\/index.php\/wp-json\/wp\/v2\/product"}],"about":[{"href":"https:\/\/kervanmagazacilik.com\/index.php\/wp-json\/wp\/v2\/types\/product"}],"wp:featuredmedia":[{"embeddable":true,"href":"https:\/\/kervanmagazacilik.com\/index.php\/wp-json\/wp\/v2\/media\/32914"}],"wp:attachment":[{"href":"https:\/\/kervanmagazacilik.com\/index.php\/wp-json\/wp\/v2\/media?parent=32913"}],"wp:term":[{"taxonomy":"product_brand","embeddable":true,"href":"https:\/\/kervanmagazacilik.com\/index.php\/wp-json\/wp\/v2\/product_brand?post=32913"},{"taxonomy":"product_cat","embeddable":true,"href":"https:\/\/kervanmagazacilik.com\/index.php\/wp-json\/wp\/v2\/product_cat?post=32913"},{"taxonomy":"product_tag","embeddable":true,"href":"https:\/\/kervanmagazacilik.com\/index.php\/wp-json\/wp\/v2\/product_tag?post=32913"}],"curies":[{"name":"wp","href":"https:\/\/api.w.org\/{rel}","templated":true}]}}