{"id":32829,"date":"2025-11-25T17:21:18","date_gmt":"2025-11-25T14:21:18","guid":{"rendered":"https:\/\/kervanmagazacilik.com\/?post_type=product&#038;p=32829"},"modified":"2025-11-25T17:21:18","modified_gmt":"2025-11-25T14:21:18","slug":"611artf00527","status":"publish","type":"product","link":"https:\/\/kervanmagazacilik.com\/index.php\/urun\/611artf00527\/","title":{"rendered":"611ARTF00527"},"content":{"rendered":"<p>611ARTF00527<\/p>\n<p>REV\u0130VAL YATAK+2 KOMOD\u0130N KAHVE 221x225x173cm 328136-1730FB -HB-RS-328140<\/p>\n<p>\u0130\u00e7 Yatak \u00d6l\u00e7\u00fcs\u00fc : 193x203cm<\/p>\n<p>KOMOD\u0130N :50x77x81cm<\/p>\n","protected":false},"excerpt":{"rendered":"<p>611ARTF00527 REV\u0130VAL YATAK+2 KOMOD\u0130N KAHVE 221x225x173cm 328136-1730FB -HB-RS-328140 \u0130\u00e7 Yatak \u00d6l\u00e7\u00fcs\u00fc : 193x203cm KOMOD\u0130N :50x77x81cm<\/p>\n","protected":false},"featured_media":32830,"template":"","meta":[],"product_brand":[],"product_cat":[41],"product_tag":[7139],"class_list":{"0":"post-32829","1":"product","2":"type-product","3":"status-publish","4":"has-post-thumbnail","6":"product_cat-611artf","7":"product_tag-611artf00527","9":"first","10":"instock","11":"taxable","12":"shipping-taxable","13":"product-type-simple"},"_links":{"self":[{"href":"https:\/\/kervanmagazacilik.com\/index.php\/wp-json\/wp\/v2\/product\/32829","targetHints":{"allow":["GET"]}}],"collection":[{"href":"https:\/\/kervanmagazacilik.com\/index.php\/wp-json\/wp\/v2\/product"}],"about":[{"href":"https:\/\/kervanmagazacilik.com\/index.php\/wp-json\/wp\/v2\/types\/product"}],"wp:featuredmedia":[{"embeddable":true,"href":"https:\/\/kervanmagazacilik.com\/index.php\/wp-json\/wp\/v2\/media\/32830"}],"wp:attachment":[{"href":"https:\/\/kervanmagazacilik.com\/index.php\/wp-json\/wp\/v2\/media?parent=32829"}],"wp:term":[{"taxonomy":"product_brand","embeddable":true,"href":"https:\/\/kervanmagazacilik.com\/index.php\/wp-json\/wp\/v2\/product_brand?post=32829"},{"taxonomy":"product_cat","embeddable":true,"href":"https:\/\/kervanmagazacilik.com\/index.php\/wp-json\/wp\/v2\/product_cat?post=32829"},{"taxonomy":"product_tag","embeddable":true,"href":"https:\/\/kervanmagazacilik.com\/index.php\/wp-json\/wp\/v2\/product_tag?post=32829"}],"curies":[{"name":"wp","href":"https:\/\/api.w.org\/{rel}","templated":true}]}}